{"id":2158,"date":"2022-10-23T07:55:44","date_gmt":"2022-10-23T07:55:44","guid":{"rendered":"https:\/\/sodevinternational.org\/?page_id=2158"},"modified":"2023-04-10T17:03:00","modified_gmt":"2023-04-10T17:03:00","slug":"programme-pour-le-developpement-des-communautes-rurales-pdcr-2","status":"publish","type":"page","link":"https:\/\/sodevinternational.org\/en\/programme-pour-le-developpement-des-communautes-rurales-pdcr-2\/","title":{"rendered":"The Development Program for Rural Communities (DPRC)"},"content":{"rendered":"\t\t<div data-elementor-type=\"wp-page\" data-elementor-id=\"2158\" class=\"elementor elementor-2158\">\n\t\t\t\t\t\t\t\t\t<section class=\"elementor-section elementor-top-section elementor-element elementor-element-6fe65045 elementor-section-full_width elementor-section-stretched elementor-section-height-default elementor-section-height-default\" data-id=\"6fe65045\" data-element_type=\"section\" data-settings=\"{&quot;stretch_section&quot;:&quot;section-stretched&quot;}\">\n\t\t\t\t\t\t<div class=\"elementor-container elementor-column-gap-default\">\n\t\t\t\t\t<div class=\"elementor-column elementor-col-100 elementor-top-column elementor-element elementor-element-1bb9092d\" data-id=\"1bb9092d\" data-element_type=\"column\" data-settings=\"{&quot;background_background&quot;:&quot;classic&quot;}\">\n\t\t\t<div class=\"elementor-widget-wrap elementor-element-populated\">\n\t\t\t\t\t\t\t\t<div class=\"elementor-element elementor-element-45230f1 elementor-widget elementor-widget-spacer\" data-id=\"45230f1\" data-element_type=\"widget\" data-widget_type=\"spacer.default\">\n\t\t\t\t<div class=\"elementor-widget-container\">\n\t\t\t<style>\/*! elementor - v3.10.2 - 29-01-2023 *\/\n.elementor-column .elementor-spacer-inner{height:var(--spacer-size)}.e-con{--container-widget-width:100%}.e-con-inner>.elementor-widget-spacer,.e-con>.elementor-widget-spacer{width:var(--container-widget-width,var(--spacer-size));--align-self:var(--container-widget-align-self,initial);--flex-shrink:0}.e-con-inner>.elementor-widget-spacer>.elementor-widget-container,.e-con-inner>.elementor-widget-spacer>.elementor-widget-container>.elementor-spacer,.e-con>.elementor-widget-spacer>.elementor-widget-container,.e-con>.elementor-widget-spacer>.elementor-widget-container>.elementor-spacer{height:100%}.e-con-inner>.elementor-widget-spacer>.elementor-widget-container>.elementor-spacer>.elementor-spacer-inner,.e-con>.elementor-widget-spacer>.elementor-widget-container>.elementor-spacer>.elementor-spacer-inner{height:var(--container-widget-height,var(--spacer-size))}<\/style>\t\t<div class=\"elementor-spacer\">\n\t\t\t<div class=\"elementor-spacer-inner\"><\/div>\n\t\t<\/div>\n\t\t\t\t<\/div>\n\t\t\t\t<\/div>\n\t\t\t\t<section class=\"elementor-section elementor-inner-section elementor-element elementor-element-70296ddc elementor-section-boxed elementor-section-height-default elementor-section-height-default\" data-id=\"70296ddc\" data-element_type=\"section\">\n\t\t\t\t\t\t<div class=\"elementor-container elementor-column-gap-default\">\n\t\t\t\t\t<div class=\"elementor-column elementor-col-100 elementor-inner-column elementor-element elementor-element-1d8be667\" data-id=\"1d8be667\" data-element_type=\"column\">\n\t\t\t<div class=\"elementor-widget-wrap elementor-element-populated\">\n\t\t\t\t\t\t\t\t<div class=\"elementor-element elementor-element-5d0653ed elementor-widget elementor-widget-heading\" data-id=\"5d0653ed\" data-element_type=\"widget\" data-widget_type=\"heading.default\">\n\t\t\t\t<div class=\"elementor-widget-container\">\n\t\t\t<style>\/*! elementor - v3.10.2 - 29-01-2023 *\/\n.elementor-heading-title{padding:0;margin:0;line-height:1}.elementor-widget-heading .elementor-heading-title[class*=elementor-size-]>a{color:inherit;font-size:inherit;line-height:inherit}.elementor-widget-heading .elementor-heading-title.elementor-size-small{font-size:15px}.elementor-widget-heading .elementor-heading-title.elementor-size-medium{font-size:19px}.elementor-widget-heading .elementor-heading-title.elementor-size-large{font-size:29px}.elementor-widget-heading .elementor-heading-title.elementor-size-xl{font-size:39px}.elementor-widget-heading .elementor-heading-title.elementor-size-xxl{font-size:59px}<\/style><h2 class=\"elementor-heading-title elementor-size-default\">Programme pour le D\u00e9veloppement des Communaut\u00e9s Rurales (PDCR)<\/h2>\t\t<\/div>\n\t\t\t\t<\/div>\n\t\t\t\t\t<\/div>\n\t\t<\/div>\n\t\t\t\t\t\t\t<\/div>\n\t\t<\/section>\n\t\t\t\t<div class=\"elementor-element elementor-element-1398b8d4 elementor-widget elementor-widget-spacer\" data-id=\"1398b8d4\" data-element_type=\"widget\" data-widget_type=\"spacer.default\">\n\t\t\t\t<div class=\"elementor-widget-container\">\n\t\t\t\t\t<div class=\"elementor-spacer\">\n\t\t\t<div class=\"elementor-spacer-inner\"><\/div>\n\t\t<\/div>\n\t\t\t\t<\/div>\n\t\t\t\t<\/div>\n\t\t\t\t\t<\/div>\n\t\t<\/div>\n\t\t\t\t\t\t\t<\/div>\n\t\t<\/section>\n\t\t\t\t<section class=\"elementor-section elementor-top-section elementor-element elementor-element-6dfe2604 elementor-section-boxed elementor-section-height-default elementor-section-height-default\" data-id=\"6dfe2604\" data-element_type=\"section\">\n\t\t\t\t\t\t<div class=\"elementor-container elementor-column-gap-default\">\n\t\t\t\t\t<div class=\"elementor-column elementor-col-100 elementor-top-column elementor-element elementor-element-15f99265\" data-id=\"15f99265\" data-element_type=\"column\">\n\t\t\t<div class=\"elementor-widget-wrap elementor-element-populated\">\n\t\t\t\t\t\t\t\t<div class=\"elementor-element elementor-element-52189745 elementor-widget elementor-widget-spacer\" data-id=\"52189745\" data-element_type=\"widget\" data-widget_type=\"spacer.default\">\n\t\t\t\t<div class=\"elementor-widget-container\">\n\t\t\t\t\t<div class=\"elementor-spacer\">\n\t\t\t<div class=\"elementor-spacer-inner\"><\/div>\n\t\t<\/div>\n\t\t\t\t<\/div>\n\t\t\t\t<\/div>\n\t\t\t\t\t<\/div>\n\t\t<\/div>\n\t\t\t\t\t\t\t<\/div>\n\t\t<\/section>\n\t\t\t\t<section class=\"elementor-section elementor-top-section elementor-element elementor-element-f1f5079 elementor-section-boxed elementor-section-height-default elementor-section-height-default\" data-id=\"f1f5079\" data-element_type=\"section\">\n\t\t\t\t\t\t<div class=\"elementor-container elementor-column-gap-default\">\n\t\t\t\t\t<div class=\"elementor-column elementor-col-100 elementor-top-column elementor-element elementor-element-34f0d612\" data-id=\"34f0d612\" data-element_type=\"column\">\n\t\t\t<div class=\"elementor-widget-wrap elementor-element-populated\">\n\t\t\t\t\t\t\t\t<div class=\"elementor-element elementor-element-ac35e69 elementor-widget elementor-widget-heading\" data-id=\"ac35e69\" data-element_type=\"widget\" data-widget_type=\"heading.default\">\n\t\t\t\t<div class=\"elementor-widget-container\">\n\t\t\t<h2 class=\"elementor-heading-title elementor-size-default\">Pourquoi un programme pour le d\u00e9veloppement des communaut\u00e9s rurales ?<\/h2>\t\t<\/div>\n\t\t\t\t<\/div>\n\t\t\t\t<div class=\"elementor-element elementor-element-7fe64b84 elementor-widget elementor-widget-image\" data-id=\"7fe64b84\" data-element_type=\"widget\" data-widget_type=\"image.default\">\n\t\t\t\t<div class=\"elementor-widget-container\">\n\t\t\t<style>\/*! elementor - v3.10.2 - 29-01-2023 *\/\n.elementor-widget-image{text-align:center}.elementor-widget-image a{display:inline-block}.elementor-widget-image a img[src$=\".svg\"]{width:48px}.elementor-widget-image img{vertical-align:middle;display:inline-block}<\/style>\t\t\t\t\t\t\t\t\t\t\t\t<img loading=\"lazy\" decoding=\"async\" width=\"1024\" height=\"363\" src=\"https:\/\/i0.wp.com\/sodevinternational.org\/wp-content\/uploads\/2022\/10\/SA.png?fit=1024%2C363&amp;ssl=1\" class=\"attachment-large size-large wp-image-2420\" alt=\"\" srcset=\"https:\/\/i0.wp.com\/sodevinternational.org\/wp-content\/uploads\/2022\/10\/SA.png?w=1483&amp;ssl=1 1483w, https:\/\/i0.wp.com\/sodevinternational.org\/wp-content\/uploads\/2022\/10\/SA.png?resize=300%2C106&amp;ssl=1 300w, https:\/\/i0.wp.com\/sodevinternational.org\/wp-content\/uploads\/2022\/10\/SA.png?resize=1024%2C363&amp;ssl=1 1024w, https:\/\/i0.wp.com\/sodevinternational.org\/wp-content\/uploads\/2022\/10\/SA.png?resize=768%2C272&amp;ssl=1 768w, https:\/\/i0.wp.com\/sodevinternational.org\/wp-content\/uploads\/2022\/10\/SA.png?resize=18%2C6&amp;ssl=1 18w\" sizes=\"auto, (max-width: 1024px) 100vw, 1024px\" \/>\t\t\t\t\t\t\t\t\t\t\t\t\t\t\t<\/div>\n\t\t\t\t<\/div>\n\t\t\t\t<div class=\"elementor-element elementor-element-69731e43 elementor-widget elementor-widget-spacer\" data-id=\"69731e43\" data-element_type=\"widget\" data-widget_type=\"spacer.default\">\n\t\t\t\t<div class=\"elementor-widget-container\">\n\t\t\t\t\t<div class=\"elementor-spacer\">\n\t\t\t<div class=\"elementor-spacer-inner\"><\/div>\n\t\t<\/div>\n\t\t\t\t<\/div>\n\t\t\t\t<\/div>\n\t\t\t\t<div class=\"elementor-element elementor-element-7e8150b5 pdcr elementor-widget elementor-widget-text-editor\" data-id=\"7e8150b5\" data-element_type=\"widget\" data-widget_type=\"text-editor.default\">\n\t\t\t\t<div class=\"elementor-widget-container\">\n\t\t\t<style>\/*! elementor - v3.10.2 - 29-01-2023 *\/\n.elementor-widget-text-editor.elementor-drop-cap-view-stacked .elementor-drop-cap{background-color:#818a91;color:#fff}.elementor-widget-text-editor.elementor-drop-cap-view-framed .elementor-drop-cap{color:#818a91;border:3px solid;background-color:transparent}.elementor-widget-text-editor:not(.elementor-drop-cap-view-default) .elementor-drop-cap{margin-top:8px}.elementor-widget-text-editor:not(.elementor-drop-cap-view-default) .elementor-drop-cap-letter{width:1em;height:1em}.elementor-widget-text-editor .elementor-drop-cap{float:left;text-align:center;line-height:1;font-size:50px}.elementor-widget-text-editor .elementor-drop-cap-letter{display:inline-block}<\/style>\t\t\t\tLe Programme pour le D\u00e9veloppement des Communaut\u00e9s Rurales (PDCR) a \u00e9t\u00e9 con\u00e7u en 2004 par SODEV International et ex\u00e9cut\u00e9 dans une multitude de localit\u00e9s depuis lors. Le PDCR porte plusieurs projets.\n<ol type=\"I\">\n \t<li class=\"pdcr\">Le projet de restructuration locale (PRL).<\/li>\n \t<li class=\"pdcr\">Le projet alphab\u00e9tisation fonctionnelle en langue officielle (PAFLO).<\/li>\n \t<li class=\"pdcr\">Le projet \u00e9ducation communautaires en langues maternelles (PECLM).L\u2019objectif de ce projet est de sensibiliser et de renforcer l\u2019\u00e9ducation des communaut\u00e9s rurales dans plusieurs domaines : agriculture, environnement, sant\u00e9, nutrition et alimentation, \u00e9conomie familiale, gestion, droits et devoirs du citoyen.<\/li>\n \t<li class=\"pdcr\">Le projet technologie au service des communaut\u00e9s rurales (PTSCR).Ce projet se base sur les recherches, la documentation, la gestion, et l\u2019innovation pour une bonne gouvernance locale.<\/li>\n<\/ol>\n<p>Chaque du projet pr\u00e9voit deux niveaux de r\u00e9alisation : la phase d\u2019acquisition de connaissances et la phase pratique de mise en \u0153uvre. Conduit par notre \u00e9quipe, le PDCR repose sur plusieurs acteurs : les formateurs et animateurs localement recrut\u00e9s, les autorit\u00e9s locales et le reste de la communaut\u00e9. Il requiert une participation active des communaut\u00e9s cibles pour sa r\u00e9ussite. Pour un impact palpable du PDCR, nous avons besoin du soutien des institutions et personnes int\u00e9ress\u00e9es par un d\u00e9veloppement r\u00e9el \u00e0 la base. En particulier, nous avons besoin de l\u2019assistance ind\u00e9fectible des autorit\u00e9s politico-administrative du pays b\u00e9n\u00e9ficiaire.<\/p>\n\n<p>Le PDCR est ouvert aux diff\u00e9rentes couches socio-\u00e9conomiques de la communaut\u00e9. Il prend en compte leurs besoins identifi\u00e9s par une \u00e9tude de la communaut\u00e9 concern\u00e9e et de son milieu.<\/p>\n\n<p>Le PDCR est un programme vital pour un d\u00e9veloppement socio-\u00e9conomique et culturel durable en milieu rural<\/p>\n\n&nbsp;\t\t\t\t\t\t<\/div>\n\t\t\t\t<\/div>\n\t\t\t\t\t<\/div>\n\t\t<\/div>\n\t\t\t\t\t\t\t<\/div>\n\t\t<\/section>\n\t\t\t\t\t\t\t<\/div>\n\t\t","protected":false},"excerpt":{"rendered":"<p>Programme pour le D\u00e9veloppement des Communaut\u00e9s Rurales (PDCR) Pourquoi un programme pour le d\u00e9veloppement des communaut\u00e9s rurales ? Le Programme pour le D\u00e9veloppement des Communaut\u00e9s Rurales (PDCR) a \u00e9t\u00e9 con\u00e7u en 2004 par SODEV International et ex\u00e9cut\u00e9 dans une multitude de localit\u00e9s depuis lors. Le PDCR porte plusieurs projets. Le projet de restructuration locale (PRL). [&hellip;]<\/p>\n","protected":false},"author":1,"featured_media":0,"parent":0,"menu_order":0,"comment_status":"closed","ping_status":"closed","template":"","meta":{"om_disable_all_campaigns":false,"ocean_post_layout":"full-width","ocean_both_sidebars_style":"","ocean_both_sidebars_content_width":0,"ocean_both_sidebars_sidebars_width":0,"ocean_sidebar":"0","ocean_second_sidebar":"0","ocean_disable_margins":"enable","ocean_add_body_class":"","ocean_shortcode_before_top_bar":"","ocean_shortcode_after_top_bar":"","ocean_shortcode_before_header":"","ocean_shortcode_after_header":"","ocean_has_shortcode":"","ocean_shortcode_after_title":"","ocean_shortcode_before_footer_widgets":"","ocean_shortcode_after_footer_widgets":"","ocean_shortcode_before_footer_bottom":"","ocean_shortcode_after_footer_bottom":"","ocean_display_top_bar":"default","ocean_display_header":"default","ocean_header_style":"","ocean_center_header_left_menu":"0","ocean_custom_header_template":"0","ocean_custom_logo":0,"ocean_custom_retina_logo":0,"ocean_custom_logo_max_width":0,"ocean_custom_logo_tablet_max_width":0,"ocean_custom_logo_mobile_max_width":0,"ocean_custom_logo_max_height":0,"ocean_custom_logo_tablet_max_height":0,"ocean_custom_logo_mobile_max_height":0,"ocean_header_custom_menu":"0","ocean_menu_typo_font_family":"0","ocean_menu_typo_font_subset":"","ocean_menu_typo_font_size":0,"ocean_menu_typo_font_size_tablet":0,"ocean_menu_typo_font_size_mobile":0,"ocean_menu_typo_font_size_unit":"px","ocean_menu_typo_font_weight":"","ocean_menu_typo_font_weight_tablet":"","ocean_menu_typo_font_weight_mobile":"","ocean_menu_typo_transform":"","ocean_menu_typo_transform_tablet":"","ocean_menu_typo_transform_mobile":"","ocean_menu_typo_line_height":0,"ocean_menu_typo_line_height_tablet":0,"ocean_menu_typo_line_height_mobile":0,"ocean_menu_typo_line_height_unit":"","ocean_menu_typo_spacing":0,"ocean_menu_typo_spacing_tablet":0,"ocean_menu_typo_spacing_mobile":0,"ocean_menu_typo_spacing_unit":"","ocean_menu_link_color":"","ocean_menu_link_color_hover":"","ocean_menu_link_color_active":"","ocean_menu_link_background":"","ocean_menu_link_hover_background":"","ocean_menu_link_active_background":"","ocean_menu_social_links_bg":"","ocean_menu_social_hover_links_bg":"","ocean_menu_social_links_color":"","ocean_menu_social_hover_links_color":"","ocean_disable_title":"default","ocean_disable_heading":"default","ocean_post_title":"","ocean_post_subheading":"","ocean_post_title_style":"","ocean_post_title_background_color":"","ocean_post_title_background":0,"ocean_post_title_bg_image_position":"","ocean_post_title_bg_image_attachment":"","ocean_post_title_bg_image_repeat":"","ocean_post_title_bg_image_size":"","ocean_post_title_height":0,"ocean_post_title_bg_overlay":0.5,"ocean_post_title_bg_overlay_color":"","ocean_disable_breadcrumbs":"default","ocean_breadcrumbs_color":"","ocean_breadcrumbs_separator_color":"","ocean_breadcrumbs_links_color":"","ocean_breadcrumbs_links_hover_color":"","ocean_display_footer_widgets":"default","ocean_display_footer_bottom":"default","ocean_custom_footer_template":"0","footnotes":""},"class_list":["post-2158","page","type-page","status-publish","hentry","entry"],"yoast_head":"<!-- This site is optimized with the Yoast SEO plugin v27.4 - https:\/\/yoast.com\/product\/yoast-seo-wordpress\/ -->\n<title>Programme pour le D\u00e9veloppement des Communaut\u00e9s Rurales (PDCR) - Sodev International<\/title>\n<meta name=\"robots\" content=\"index, follow, max-snippet:-1, max-image-preview:large, max-video-preview:-1\" \/>\n<link rel=\"canonical\" href=\"https:\/\/sodevinternational.org\/en\/programme-pour-le-developpement-des-communautes-rurales-pdcr-2\/\" \/>\n<meta property=\"og:locale\" content=\"en_US\" \/>\n<meta property=\"og:type\" content=\"article\" \/>\n<meta property=\"og:title\" content=\"Programme pour le D\u00e9veloppement des Communaut\u00e9s Rurales (PDCR) - Sodev International\" \/>\n<meta property=\"og:description\" content=\"Programme pour le D\u00e9veloppement des Communaut\u00e9s Rurales (PDCR) Pourquoi un programme pour le d\u00e9veloppement des communaut\u00e9s rurales ? Le Programme pour le D\u00e9veloppement des Communaut\u00e9s Rurales (PDCR) a \u00e9t\u00e9 con\u00e7u en 2004 par SODEV International et ex\u00e9cut\u00e9 dans une multitude de localit\u00e9s depuis lors. Le PDCR porte plusieurs projets. Le projet de restructuration locale (PRL). [&hellip;]\" \/>\n<meta property=\"og:url\" content=\"https:\/\/sodevinternational.org\/en\/programme-pour-le-developpement-des-communautes-rurales-pdcr-2\/\" \/>\n<meta property=\"og:site_name\" content=\"Sodev International\" \/>\n<meta property=\"article:modified_time\" content=\"2023-04-10T17:03:00+00:00\" \/>\n<meta property=\"og:image\" content=\"https:\/\/sodevinternational.org\/wp-content\/uploads\/2022\/10\/SA-1024x363.png\" \/>\n<meta name=\"twitter:card\" content=\"summary_large_image\" \/>\n<meta name=\"twitter:label1\" content=\"Est. reading time\" \/>\n\t<meta name=\"twitter:data1\" content=\"2 minutes\" \/>\n<script type=\"application\/ld+json\" class=\"yoast-schema-graph\">{\"@context\":\"https:\\\/\\\/schema.org\",\"@graph\":[{\"@type\":\"WebPage\",\"@id\":\"https:\\\/\\\/sodevinternational.org\\\/programme-pour-le-developpement-des-communautes-rurales-pdcr-2\\\/\",\"url\":\"https:\\\/\\\/sodevinternational.org\\\/programme-pour-le-developpement-des-communautes-rurales-pdcr-2\\\/\",\"name\":\"Programme pour le D\u00e9veloppement des Communaut\u00e9s Rurales (PDCR) - Sodev International\",\"isPartOf\":{\"@id\":\"https:\\\/\\\/sodevinternational.org\\\/#website\"},\"primaryImageOfPage\":{\"@id\":\"https:\\\/\\\/sodevinternational.org\\\/programme-pour-le-developpement-des-communautes-rurales-pdcr-2\\\/#primaryimage\"},\"image\":{\"@id\":\"https:\\\/\\\/sodevinternational.org\\\/programme-pour-le-developpement-des-communautes-rurales-pdcr-2\\\/#primaryimage\"},\"thumbnailUrl\":\"https:\\\/\\\/sodevinternational.org\\\/wp-content\\\/uploads\\\/2022\\\/10\\\/SA-1024x363.png\",\"datePublished\":\"2022-10-23T07:55:44+00:00\",\"dateModified\":\"2023-04-10T17:03:00+00:00\",\"breadcrumb\":{\"@id\":\"https:\\\/\\\/sodevinternational.org\\\/programme-pour-le-developpement-des-communautes-rurales-pdcr-2\\\/#breadcrumb\"},\"inLanguage\":\"en-US\",\"potentialAction\":[{\"@type\":\"ReadAction\",\"target\":[\"https:\\\/\\\/sodevinternational.org\\\/programme-pour-le-developpement-des-communautes-rurales-pdcr-2\\\/\"]}]},{\"@type\":\"ImageObject\",\"inLanguage\":\"en-US\",\"@id\":\"https:\\\/\\\/sodevinternational.org\\\/programme-pour-le-developpement-des-communautes-rurales-pdcr-2\\\/#primaryimage\",\"url\":\"https:\\\/\\\/sodevinternational.org\\\/wp-content\\\/uploads\\\/2022\\\/10\\\/SA-1024x363.png\",\"contentUrl\":\"https:\\\/\\\/sodevinternational.org\\\/wp-content\\\/uploads\\\/2022\\\/10\\\/SA-1024x363.png\"},{\"@type\":\"BreadcrumbList\",\"@id\":\"https:\\\/\\\/sodevinternational.org\\\/programme-pour-le-developpement-des-communautes-rurales-pdcr-2\\\/#breadcrumb\",\"itemListElement\":[{\"@type\":\"ListItem\",\"position\":1,\"name\":\"Accueil\",\"item\":\"https:\\\/\\\/sodevinternational.org\\\/\"},{\"@type\":\"ListItem\",\"position\":2,\"name\":\"Programme pour le D\u00e9veloppement des Communaut\u00e9s Rurales (PDCR)\"}]},{\"@type\":\"WebSite\",\"@id\":\"https:\\\/\\\/sodevinternational.org\\\/#website\",\"url\":\"https:\\\/\\\/sodevinternational.org\\\/\",\"name\":\"Sodev International\",\"description\":\"Sodev International\",\"publisher\":{\"@id\":\"https:\\\/\\\/sodevinternational.org\\\/#organization\"},\"potentialAction\":[{\"@type\":\"SearchAction\",\"target\":{\"@type\":\"EntryPoint\",\"urlTemplate\":\"https:\\\/\\\/sodevinternational.org\\\/?s={search_term_string}\"},\"query-input\":{\"@type\":\"PropertyValueSpecification\",\"valueRequired\":true,\"valueName\":\"search_term_string\"}}],\"inLanguage\":\"en-US\"},{\"@type\":\"Organization\",\"@id\":\"https:\\\/\\\/sodevinternational.org\\\/#organization\",\"name\":\"Sodev International\",\"url\":\"https:\\\/\\\/sodevinternational.org\\\/\",\"logo\":{\"@type\":\"ImageObject\",\"inLanguage\":\"en-US\",\"@id\":\"https:\\\/\\\/sodevinternational.org\\\/#\\\/schema\\\/logo\\\/image\\\/\",\"url\":\"https:\\\/\\\/i0.wp.com\\\/sodevinternational.org\\\/wp-content\\\/uploads\\\/2022\\\/01\\\/cropped-logo-sodev.png?fit=378%2C211&ssl=1\",\"contentUrl\":\"https:\\\/\\\/i0.wp.com\\\/sodevinternational.org\\\/wp-content\\\/uploads\\\/2022\\\/01\\\/cropped-logo-sodev.png?fit=378%2C211&ssl=1\",\"width\":378,\"height\":211,\"caption\":\"Sodev International\"},\"image\":{\"@id\":\"https:\\\/\\\/sodevinternational.org\\\/#\\\/schema\\\/logo\\\/image\\\/\"}}]}<\/script>\n<!-- \/ Yoast SEO plugin. -->","yoast_head_json":{"title":"Programme pour le D\u00e9veloppement des Communaut\u00e9s Rurales (PDCR) - Sodev International","robots":{"index":"index","follow":"follow","max-snippet":"max-snippet:-1","max-image-preview":"max-image-preview:large","max-video-preview":"max-video-preview:-1"},"canonical":"https:\/\/sodevinternational.org\/en\/programme-pour-le-developpement-des-communautes-rurales-pdcr-2\/","og_locale":"en_US","og_type":"article","og_title":"Programme pour le D\u00e9veloppement des Communaut\u00e9s Rurales (PDCR) - Sodev International","og_description":"Programme pour le D\u00e9veloppement des Communaut\u00e9s Rurales (PDCR) Pourquoi un programme pour le d\u00e9veloppement des communaut\u00e9s rurales ? Le Programme pour le D\u00e9veloppement des Communaut\u00e9s Rurales (PDCR) a \u00e9t\u00e9 con\u00e7u en 2004 par SODEV International et ex\u00e9cut\u00e9 dans une multitude de localit\u00e9s depuis lors. Le PDCR porte plusieurs projets. Le projet de restructuration locale (PRL). [&hellip;]","og_url":"https:\/\/sodevinternational.org\/en\/programme-pour-le-developpement-des-communautes-rurales-pdcr-2\/","og_site_name":"Sodev International","article_modified_time":"2023-04-10T17:03:00+00:00","og_image":[{"url":"https:\/\/sodevinternational.org\/wp-content\/uploads\/2022\/10\/SA-1024x363.png","type":"","width":"","height":""}],"twitter_card":"summary_large_image","twitter_misc":{"Est. reading time":"2 minutes"},"schema":{"@context":"https:\/\/schema.org","@graph":[{"@type":"WebPage","@id":"https:\/\/sodevinternational.org\/programme-pour-le-developpement-des-communautes-rurales-pdcr-2\/","url":"https:\/\/sodevinternational.org\/programme-pour-le-developpement-des-communautes-rurales-pdcr-2\/","name":"Programme pour le D\u00e9veloppement des Communaut\u00e9s Rurales (PDCR) - Sodev International","isPartOf":{"@id":"https:\/\/sodevinternational.org\/#website"},"primaryImageOfPage":{"@id":"https:\/\/sodevinternational.org\/programme-pour-le-developpement-des-communautes-rurales-pdcr-2\/#primaryimage"},"image":{"@id":"https:\/\/sodevinternational.org\/programme-pour-le-developpement-des-communautes-rurales-pdcr-2\/#primaryimage"},"thumbnailUrl":"https:\/\/sodevinternational.org\/wp-content\/uploads\/2022\/10\/SA-1024x363.png","datePublished":"2022-10-23T07:55:44+00:00","dateModified":"2023-04-10T17:03:00+00:00","breadcrumb":{"@id":"https:\/\/sodevinternational.org\/programme-pour-le-developpement-des-communautes-rurales-pdcr-2\/#breadcrumb"},"inLanguage":"en-US","potentialAction":[{"@type":"ReadAction","target":["https:\/\/sodevinternational.org\/programme-pour-le-developpement-des-communautes-rurales-pdcr-2\/"]}]},{"@type":"ImageObject","inLanguage":"en-US","@id":"https:\/\/sodevinternational.org\/programme-pour-le-developpement-des-communautes-rurales-pdcr-2\/#primaryimage","url":"https:\/\/sodevinternational.org\/wp-content\/uploads\/2022\/10\/SA-1024x363.png","contentUrl":"https:\/\/sodevinternational.org\/wp-content\/uploads\/2022\/10\/SA-1024x363.png"},{"@type":"BreadcrumbList","@id":"https:\/\/sodevinternational.org\/programme-pour-le-developpement-des-communautes-rurales-pdcr-2\/#breadcrumb","itemListElement":[{"@type":"ListItem","position":1,"name":"Accueil","item":"https:\/\/sodevinternational.org\/"},{"@type":"ListItem","position":2,"name":"Programme pour le D\u00e9veloppement des Communaut\u00e9s Rurales (PDCR)"}]},{"@type":"WebSite","@id":"https:\/\/sodevinternational.org\/#website","url":"https:\/\/sodevinternational.org\/","name":"Sodev International","description":"Sodev International","publisher":{"@id":"https:\/\/sodevinternational.org\/#organization"},"potentialAction":[{"@type":"SearchAction","target":{"@type":"EntryPoint","urlTemplate":"https:\/\/sodevinternational.org\/?s={search_term_string}"},"query-input":{"@type":"PropertyValueSpecification","valueRequired":true,"valueName":"search_term_string"}}],"inLanguage":"en-US"},{"@type":"Organization","@id":"https:\/\/sodevinternational.org\/#organization","name":"Sodev International","url":"https:\/\/sodevinternational.org\/","logo":{"@type":"ImageObject","inLanguage":"en-US","@id":"https:\/\/sodevinternational.org\/#\/schema\/logo\/image\/","url":"https:\/\/i0.wp.com\/sodevinternational.org\/wp-content\/uploads\/2022\/01\/cropped-logo-sodev.png?fit=378%2C211&ssl=1","contentUrl":"https:\/\/i0.wp.com\/sodevinternational.org\/wp-content\/uploads\/2022\/01\/cropped-logo-sodev.png?fit=378%2C211&ssl=1","width":378,"height":211,"caption":"Sodev International"},"image":{"@id":"https:\/\/sodevinternational.org\/#\/schema\/logo\/image\/"}}]}},"jetpack_sharing_enabled":true,"_links":{"self":[{"href":"https:\/\/sodevinternational.org\/en\/wp-json\/wp\/v2\/pages\/2158","targetHints":{"allow":["GET"]}}],"collection":[{"href":"https:\/\/sodevinternational.org\/en\/wp-json\/wp\/v2\/pages"}],"about":[{"href":"https:\/\/sodevinternational.org\/en\/wp-json\/wp\/v2\/types\/page"}],"author":[{"embeddable":true,"href":"https:\/\/sodevinternational.org\/en\/wp-json\/wp\/v2\/users\/1"}],"replies":[{"embeddable":true,"href":"https:\/\/sodevinternational.org\/en\/wp-json\/wp\/v2\/comments?post=2158"}],"version-history":[{"count":61,"href":"https:\/\/sodevinternational.org\/en\/wp-json\/wp\/v2\/pages\/2158\/revisions"}],"predecessor-version":[{"id":2626,"href":"https:\/\/sodevinternational.org\/en\/wp-json\/wp\/v2\/pages\/2158\/revisions\/2626"}],"wp:attachment":[{"href":"https:\/\/sodevinternational.org\/en\/wp-json\/wp\/v2\/media?parent=2158"}],"curies":[{"name":"wp","href":"https:\/\/api.w.org\/{rel}","templated":true}]}}