{"id":2100,"date":"2022-10-19T15:50:32","date_gmt":"2022-10-19T15:50:32","guid":{"rendered":"https:\/\/sodevinternational.org\/?page_id=2100"},"modified":"2022-10-22T20:11:55","modified_gmt":"2022-10-22T20:11:55","slug":"projet-coup-de-main-pcm-2","status":"publish","type":"page","link":"https:\/\/sodevinternational.org\/en\/projet-coup-de-main-pcm-2\/","title":{"rendered":"Giving Hand Project (GHP)"},"content":{"rendered":"\t\t<div data-elementor-type=\"wp-page\" data-elementor-id=\"2100\" class=\"elementor elementor-2100\">\n\t\t\t\t\t\t\t\t\t<section class=\"elementor-section elementor-top-section elementor-element elementor-element-277b4d32 elementor-section-full_width elementor-section-stretched elementor-section-height-default elementor-section-height-default\" data-id=\"277b4d32\" data-element_type=\"section\" data-settings=\"{&quot;stretch_section&quot;:&quot;section-stretched&quot;}\">\n\t\t\t\t\t\t<div class=\"elementor-container elementor-column-gap-default\">\n\t\t\t\t\t<div class=\"elementor-column elementor-col-100 elementor-top-column elementor-element elementor-element-3634d34e\" data-id=\"3634d34e\" data-element_type=\"column\" data-settings=\"{&quot;background_background&quot;:&quot;classic&quot;}\">\n\t\t\t<div class=\"elementor-widget-wrap elementor-element-populated\">\n\t\t\t\t\t\t\t\t<div class=\"elementor-element elementor-element-1107ecb9 elementor-widget elementor-widget-spacer\" data-id=\"1107ecb9\" data-element_type=\"widget\" data-widget_type=\"spacer.default\">\n\t\t\t\t<div class=\"elementor-widget-container\">\n\t\t\t<style>\/*! elementor - v3.10.2 - 29-01-2023 *\/\n.elementor-column .elementor-spacer-inner{height:var(--spacer-size)}.e-con{--container-widget-width:100%}.e-con-inner>.elementor-widget-spacer,.e-con>.elementor-widget-spacer{width:var(--container-widget-width,var(--spacer-size));--align-self:var(--container-widget-align-self,initial);--flex-shrink:0}.e-con-inner>.elementor-widget-spacer>.elementor-widget-container,.e-con-inner>.elementor-widget-spacer>.elementor-widget-container>.elementor-spacer,.e-con>.elementor-widget-spacer>.elementor-widget-container,.e-con>.elementor-widget-spacer>.elementor-widget-container>.elementor-spacer{height:100%}.e-con-inner>.elementor-widget-spacer>.elementor-widget-container>.elementor-spacer>.elementor-spacer-inner,.e-con>.elementor-widget-spacer>.elementor-widget-container>.elementor-spacer>.elementor-spacer-inner{height:var(--container-widget-height,var(--spacer-size))}<\/style>\t\t<div class=\"elementor-spacer\">\n\t\t\t<div class=\"elementor-spacer-inner\"><\/div>\n\t\t<\/div>\n\t\t\t\t<\/div>\n\t\t\t\t<\/div>\n\t\t\t\t<section class=\"elementor-section elementor-inner-section elementor-element elementor-element-6e8fd456 elementor-section-boxed elementor-section-height-default elementor-section-height-default\" data-id=\"6e8fd456\" data-element_type=\"section\">\n\t\t\t\t\t\t<div class=\"elementor-container elementor-column-gap-default\">\n\t\t\t\t\t<div class=\"elementor-column elementor-col-100 elementor-inner-column elementor-element elementor-element-346db198\" data-id=\"346db198\" data-element_type=\"column\">\n\t\t\t<div class=\"elementor-widget-wrap elementor-element-populated\">\n\t\t\t\t\t\t\t\t<div class=\"elementor-element elementor-element-dfc315e elementor-widget elementor-widget-heading\" data-id=\"dfc315e\" data-element_type=\"widget\" data-widget_type=\"heading.default\">\n\t\t\t\t<div class=\"elementor-widget-container\">\n\t\t\t<style>\/*! elementor - v3.10.2 - 29-01-2023 *\/\n.elementor-heading-title{padding:0;margin:0;line-height:1}.elementor-widget-heading .elementor-heading-title[class*=elementor-size-]>a{color:inherit;font-size:inherit;line-height:inherit}.elementor-widget-heading .elementor-heading-title.elementor-size-small{font-size:15px}.elementor-widget-heading .elementor-heading-title.elementor-size-medium{font-size:19px}.elementor-widget-heading .elementor-heading-title.elementor-size-large{font-size:29px}.elementor-widget-heading .elementor-heading-title.elementor-size-xl{font-size:39px}.elementor-widget-heading .elementor-heading-title.elementor-size-xxl{font-size:59px}<\/style><h2 class=\"elementor-heading-title elementor-size-default\">Projet Coup de Main (PCM)<\/h2>\t\t<\/div>\n\t\t\t\t<\/div>\n\t\t\t\t\t<\/div>\n\t\t<\/div>\n\t\t\t\t\t\t\t<\/div>\n\t\t<\/section>\n\t\t\t\t<div class=\"elementor-element elementor-element-3a98c0e1 elementor-widget elementor-widget-spacer\" data-id=\"3a98c0e1\" data-element_type=\"widget\" data-widget_type=\"spacer.default\">\n\t\t\t\t<div class=\"elementor-widget-container\">\n\t\t\t\t\t<div class=\"elementor-spacer\">\n\t\t\t<div class=\"elementor-spacer-inner\"><\/div>\n\t\t<\/div>\n\t\t\t\t<\/div>\n\t\t\t\t<\/div>\n\t\t\t\t\t<\/div>\n\t\t<\/div>\n\t\t\t\t\t\t\t<\/div>\n\t\t<\/section>\n\t\t\t\t<section class=\"elementor-section elementor-top-section elementor-element elementor-element-1188fe78 elementor-section-boxed elementor-section-height-default elementor-section-height-default\" data-id=\"1188fe78\" data-element_type=\"section\">\n\t\t\t\t\t\t<div class=\"elementor-container elementor-column-gap-default\">\n\t\t\t\t\t<div class=\"elementor-column elementor-col-100 elementor-top-column elementor-element elementor-element-7777b120\" data-id=\"7777b120\" data-element_type=\"column\">\n\t\t\t<div class=\"elementor-widget-wrap elementor-element-populated\">\n\t\t\t\t\t\t\t\t<div class=\"elementor-element elementor-element-30abfb15 elementor-widget elementor-widget-spacer\" data-id=\"30abfb15\" data-element_type=\"widget\" data-widget_type=\"spacer.default\">\n\t\t\t\t<div class=\"elementor-widget-container\">\n\t\t\t\t\t<div class=\"elementor-spacer\">\n\t\t\t<div class=\"elementor-spacer-inner\"><\/div>\n\t\t<\/div>\n\t\t\t\t<\/div>\n\t\t\t\t<\/div>\n\t\t\t\t\t<\/div>\n\t\t<\/div>\n\t\t\t\t\t\t\t<\/div>\n\t\t<\/section>\n\t\t\t\t<section class=\"elementor-section elementor-top-section elementor-element elementor-element-6b85249 elementor-section-boxed elementor-section-height-default elementor-section-height-default\" data-id=\"6b85249\" data-element_type=\"section\">\n\t\t\t\t\t\t<div class=\"elementor-container elementor-column-gap-default\">\n\t\t\t\t\t<div class=\"elementor-column elementor-col-100 elementor-top-column elementor-element elementor-element-0290ca3\" data-id=\"0290ca3\" data-element_type=\"column\">\n\t\t\t<div class=\"elementor-widget-wrap elementor-element-populated\">\n\t\t\t\t\t\t\t\t<div class=\"elementor-element elementor-element-d94c336 elementor-widget elementor-widget-spacer\" data-id=\"d94c336\" data-element_type=\"widget\" data-widget_type=\"spacer.default\">\n\t\t\t\t<div class=\"elementor-widget-container\">\n\t\t\t\t\t<div class=\"elementor-spacer\">\n\t\t\t<div class=\"elementor-spacer-inner\"><\/div>\n\t\t<\/div>\n\t\t\t\t<\/div>\n\t\t\t\t<\/div>\n\t\t\t\t<div class=\"elementor-element elementor-element-da16940 elementor-widget elementor-widget-image\" data-id=\"da16940\" data-element_type=\"widget\" data-widget_type=\"image.default\">\n\t\t\t\t<div class=\"elementor-widget-container\">\n\t\t\t<style>\/*! elementor - v3.10.2 - 29-01-2023 *\/\n.elementor-widget-image{text-align:center}.elementor-widget-image a{display:inline-block}.elementor-widget-image a img[src$=\".svg\"]{width:48px}.elementor-widget-image img{vertical-align:middle;display:inline-block}<\/style>\t\t\t\t\t\t\t\t\t\t\t\t<img loading=\"lazy\" decoding=\"async\" width=\"1024\" height=\"768\" src=\"https:\/\/i0.wp.com\/sodevinternational.org\/wp-content\/uploads\/2022\/01\/Photo-1-5.jpg?fit=1024%2C768&amp;ssl=1\" class=\"attachment-large size-large wp-image-387\" alt=\"\" srcset=\"https:\/\/i0.wp.com\/sodevinternational.org\/wp-content\/uploads\/2022\/01\/Photo-1-5.jpg?w=1067&amp;ssl=1 1067w, https:\/\/i0.wp.com\/sodevinternational.org\/wp-content\/uploads\/2022\/01\/Photo-1-5.jpg?resize=300%2C225&amp;ssl=1 300w, https:\/\/i0.wp.com\/sodevinternational.org\/wp-content\/uploads\/2022\/01\/Photo-1-5.jpg?resize=1024%2C768&amp;ssl=1 1024w, https:\/\/i0.wp.com\/sodevinternational.org\/wp-content\/uploads\/2022\/01\/Photo-1-5.jpg?resize=768%2C576&amp;ssl=1 768w\" sizes=\"auto, (max-width: 1024px) 100vw, 1024px\" \/>\t\t\t\t\t\t\t\t\t\t\t\t\t\t\t<\/div>\n\t\t\t\t<\/div>\n\t\t\t\t<div class=\"elementor-element elementor-element-c591238 elementor-widget elementor-widget-spacer\" data-id=\"c591238\" data-element_type=\"widget\" data-widget_type=\"spacer.default\">\n\t\t\t\t<div class=\"elementor-widget-container\">\n\t\t\t\t\t<div class=\"elementor-spacer\">\n\t\t\t<div class=\"elementor-spacer-inner\"><\/div>\n\t\t<\/div>\n\t\t\t\t<\/div>\n\t\t\t\t<\/div>\n\t\t\t\t<div class=\"elementor-element elementor-element-7610c6d elementor-widget elementor-widget-text-editor\" data-id=\"7610c6d\" data-element_type=\"widget\" data-widget_type=\"text-editor.default\">\n\t\t\t\t<div class=\"elementor-widget-container\">\n\t\t\t<style>\/*! elementor - v3.10.2 - 29-01-2023 *\/\n.elementor-widget-text-editor.elementor-drop-cap-view-stacked .elementor-drop-cap{background-color:#818a91;color:#fff}.elementor-widget-text-editor.elementor-drop-cap-view-framed .elementor-drop-cap{color:#818a91;border:3px solid;background-color:transparent}.elementor-widget-text-editor:not(.elementor-drop-cap-view-default) .elementor-drop-cap{margin-top:8px}.elementor-widget-text-editor:not(.elementor-drop-cap-view-default) .elementor-drop-cap-letter{width:1em;height:1em}.elementor-widget-text-editor .elementor-drop-cap{float:left;text-align:center;line-height:1;font-size:50px}.elementor-widget-text-editor .elementor-drop-cap-letter{display:inline-block}<\/style>\t\t\t\tLe projet coup de main (PCM) est un volet du Programme d\u2019Assistance aux Personnes en Besoin (PAPB) dont le but est de soulager les souffrances des personnes fragiles et vuln\u00e9rables. \nL\u2019objectif principal du PCM est de pourvoir temporairement aux besoins fondamentaux des personnes physiques. Il s\u2019agit des enfants orphelins ou abandonn\u00e9s, des malades non assist\u00e9s, des personnes en manque de soutien moral, des enfants d\u00e9scolaris\u00e9s, etc. \nSon ex\u00e9cution se fait soit unilat\u00e9ralement soit en collaboration avec des partenaires (personnes physiques ou morales).\n<h4 style='color:#000;'>Assistance financi\u00e8re<\/h4>\nLe soutien financier qu\u2019offre SODEV International \u00e0 travers le PCM couvre entre autres, les frais de scolarit\u00e9, de consultation m\u00e9dicale et ceux d\u2019achat de m\u00e9dicaments.\n<h4 style='color:#000;'>Assistance mat\u00e9rielle<\/h4>\nLe soutien mat\u00e9riel qu\u2019offre SODEV International \u00e0 travers le PCM couvre entre autres, les fournitures scolaires aux \u00e9coliers ou \u00e9l\u00e8ves ; les produits alimentaires ; les v\u00eatements et les m\u00e9dicaments.\nLa distribution des dons se fait directement aux b\u00e9n\u00e9ficiaires physiques ou par l\u2019interm\u00e9diaire des ONG. \n<h4 style='color:#000;'>Assistance morale<\/h4>\nL\u2019assistance morale (ou le soutien psychologique) est essentiellement bas\u00e9e sur l\u2019\u00e9coute et permet de rassurer la personne concern\u00e9e afin de la lib\u00e9rer de son anxi\u00e9t\u00e9. Elle se fait soit individuellement, soit collectivement.\n\t\t\t\t\t\t<\/div>\n\t\t\t\t<\/div>\n\t\t\t\t\t<\/div>\n\t\t<\/div>\n\t\t\t\t\t\t\t<\/div>\n\t\t<\/section>\n\t\t\t\t\t\t\t<\/div>\n\t\t","protected":false},"excerpt":{"rendered":"<p>Projet Coup de Main (PCM) Le projet coup de main (PCM) est un volet du Programme d\u2019Assistance aux Personnes en Besoin (PAPB) dont le but est de soulager les souffrances des personnes fragiles et vuln\u00e9rables. L\u2019objectif principal du PCM est de pourvoir temporairement aux besoins fondamentaux des personnes physiques. Il s\u2019agit des enfants orphelins ou [&hellip;]<\/p>\n","protected":false},"author":1,"featured_media":0,"parent":0,"menu_order":0,"comment_status":"closed","ping_status":"closed","template":"","meta":{"om_disable_all_campaigns":false,"ocean_post_layout":"full-width","ocean_both_sidebars_style":"","ocean_both_sidebars_content_width":0,"ocean_both_sidebars_sidebars_width":0,"ocean_sidebar":"0","ocean_second_sidebar":"0","ocean_disable_margins":"enable","ocean_add_body_class":"","ocean_shortcode_before_top_bar":"","ocean_shortcode_after_top_bar":"","ocean_shortcode_before_header":"","ocean_shortcode_after_header":"","ocean_has_shortcode":"","ocean_shortcode_after_title":"","ocean_shortcode_before_footer_widgets":"","ocean_shortcode_after_footer_widgets":"","ocean_shortcode_before_footer_bottom":"","ocean_shortcode_after_footer_bottom":"","ocean_display_top_bar":"default","ocean_display_header":"default","ocean_header_style":"","ocean_center_header_left_menu":"0","ocean_custom_header_template":"0","ocean_custom_logo":0,"ocean_custom_retina_logo":0,"ocean_custom_logo_max_width":0,"ocean_custom_logo_tablet_max_width":0,"ocean_custom_logo_mobile_max_width":0,"ocean_custom_logo_max_height":0,"ocean_custom_logo_tablet_max_height":0,"ocean_custom_logo_mobile_max_height":0,"ocean_header_custom_menu":"0","ocean_menu_typo_font_family":"0","ocean_menu_typo_font_subset":"","ocean_menu_typo_font_size":0,"ocean_menu_typo_font_size_tablet":0,"ocean_menu_typo_font_size_mobile":0,"ocean_menu_typo_font_size_unit":"px","ocean_menu_typo_font_weight":"","ocean_menu_typo_font_weight_tablet":"","ocean_menu_typo_font_weight_mobile":"","ocean_menu_typo_transform":"","ocean_menu_typo_transform_tablet":"","ocean_menu_typo_transform_mobile":"","ocean_menu_typo_line_height":0,"ocean_menu_typo_line_height_tablet":0,"ocean_menu_typo_line_height_mobile":0,"ocean_menu_typo_line_height_unit":"","ocean_menu_typo_spacing":0,"ocean_menu_typo_spacing_tablet":0,"ocean_menu_typo_spacing_mobile":0,"ocean_menu_typo_spacing_unit":"","ocean_menu_link_color":"","ocean_menu_link_color_hover":"","ocean_menu_link_color_active":"","ocean_menu_link_background":"","ocean_menu_link_hover_background":"","ocean_menu_link_active_background":"","ocean_menu_social_links_bg":"","ocean_menu_social_hover_links_bg":"","ocean_menu_social_links_color":"","ocean_menu_social_hover_links_color":"","ocean_disable_title":"default","ocean_disable_heading":"default","ocean_post_title":"","ocean_post_subheading":"","ocean_post_title_style":"","ocean_post_title_background_color":"","ocean_post_title_background":0,"ocean_post_title_bg_image_position":"","ocean_post_title_bg_image_attachment":"","ocean_post_title_bg_image_repeat":"","ocean_post_title_bg_image_size":"","ocean_post_title_height":0,"ocean_post_title_bg_overlay":0.5,"ocean_post_title_bg_overlay_color":"","ocean_disable_breadcrumbs":"default","ocean_breadcrumbs_color":"","ocean_breadcrumbs_separator_color":"","ocean_breadcrumbs_links_color":"","ocean_breadcrumbs_links_hover_color":"","ocean_display_footer_widgets":"default","ocean_display_footer_bottom":"default","ocean_custom_footer_template":"0","footnotes":""},"class_list":["post-2100","page","type-page","status-publish","hentry","entry"],"yoast_head":"<!-- This site is optimized with the Yoast SEO plugin v27.4 - https:\/\/yoast.com\/product\/yoast-seo-wordpress\/ -->\n<title>Projet coup de main (PCM) - Sodev International<\/title>\n<meta name=\"robots\" content=\"index, follow, max-snippet:-1, max-image-preview:large, max-video-preview:-1\" \/>\n<link rel=\"canonical\" href=\"https:\/\/sodevinternational.org\/en\/projet-coup-de-main-pcm-2\/\" \/>\n<meta property=\"og:locale\" content=\"en_US\" \/>\n<meta property=\"og:type\" content=\"article\" \/>\n<meta property=\"og:title\" content=\"Projet coup de main (PCM) - Sodev International\" \/>\n<meta property=\"og:description\" content=\"Projet Coup de Main (PCM) Le projet coup de main (PCM) est un volet du Programme d\u2019Assistance aux Personnes en Besoin (PAPB) dont le but est de soulager les souffrances des personnes fragiles et vuln\u00e9rables. L\u2019objectif principal du PCM est de pourvoir temporairement aux besoins fondamentaux des personnes physiques. Il s\u2019agit des enfants orphelins ou [&hellip;]\" \/>\n<meta property=\"og:url\" content=\"https:\/\/sodevinternational.org\/en\/projet-coup-de-main-pcm-2\/\" \/>\n<meta property=\"og:site_name\" content=\"Sodev International\" \/>\n<meta property=\"article:modified_time\" content=\"2022-10-22T20:11:55+00:00\" \/>\n<meta property=\"og:image\" content=\"https:\/\/sodevinternational.org\/wp-content\/uploads\/2022\/01\/Photo-1-5-1024x768.jpg\" \/>\n<meta name=\"twitter:card\" content=\"summary_large_image\" \/>\n<meta name=\"twitter:label1\" content=\"Est. reading time\" \/>\n\t<meta name=\"twitter:data1\" content=\"2 minutes\" \/>\n<script type=\"application\/ld+json\" class=\"yoast-schema-graph\">{\"@context\":\"https:\\\/\\\/schema.org\",\"@graph\":[{\"@type\":\"WebPage\",\"@id\":\"https:\\\/\\\/sodevinternational.org\\\/projet-coup-de-main-pcm-2\\\/\",\"url\":\"https:\\\/\\\/sodevinternational.org\\\/projet-coup-de-main-pcm-2\\\/\",\"name\":\"Projet coup de main (PCM) - Sodev International\",\"isPartOf\":{\"@id\":\"https:\\\/\\\/sodevinternational.org\\\/#website\"},\"primaryImageOfPage\":{\"@id\":\"https:\\\/\\\/sodevinternational.org\\\/projet-coup-de-main-pcm-2\\\/#primaryimage\"},\"image\":{\"@id\":\"https:\\\/\\\/sodevinternational.org\\\/projet-coup-de-main-pcm-2\\\/#primaryimage\"},\"thumbnailUrl\":\"https:\\\/\\\/sodevinternational.org\\\/wp-content\\\/uploads\\\/2022\\\/01\\\/Photo-1-5-1024x768.jpg\",\"datePublished\":\"2022-10-19T15:50:32+00:00\",\"dateModified\":\"2022-10-22T20:11:55+00:00\",\"breadcrumb\":{\"@id\":\"https:\\\/\\\/sodevinternational.org\\\/projet-coup-de-main-pcm-2\\\/#breadcrumb\"},\"inLanguage\":\"en-US\",\"potentialAction\":[{\"@type\":\"ReadAction\",\"target\":[\"https:\\\/\\\/sodevinternational.org\\\/projet-coup-de-main-pcm-2\\\/\"]}]},{\"@type\":\"ImageObject\",\"inLanguage\":\"en-US\",\"@id\":\"https:\\\/\\\/sodevinternational.org\\\/projet-coup-de-main-pcm-2\\\/#primaryimage\",\"url\":\"https:\\\/\\\/sodevinternational.org\\\/wp-content\\\/uploads\\\/2022\\\/01\\\/Photo-1-5-1024x768.jpg\",\"contentUrl\":\"https:\\\/\\\/sodevinternational.org\\\/wp-content\\\/uploads\\\/2022\\\/01\\\/Photo-1-5-1024x768.jpg\"},{\"@type\":\"BreadcrumbList\",\"@id\":\"https:\\\/\\\/sodevinternational.org\\\/projet-coup-de-main-pcm-2\\\/#breadcrumb\",\"itemListElement\":[{\"@type\":\"ListItem\",\"position\":1,\"name\":\"Accueil\",\"item\":\"https:\\\/\\\/sodevinternational.org\\\/\"},{\"@type\":\"ListItem\",\"position\":2,\"name\":\"Projet coup de main (PCM)\"}]},{\"@type\":\"WebSite\",\"@id\":\"https:\\\/\\\/sodevinternational.org\\\/#website\",\"url\":\"https:\\\/\\\/sodevinternational.org\\\/\",\"name\":\"Sodev International\",\"description\":\"Sodev International\",\"publisher\":{\"@id\":\"https:\\\/\\\/sodevinternational.org\\\/#organization\"},\"potentialAction\":[{\"@type\":\"SearchAction\",\"target\":{\"@type\":\"EntryPoint\",\"urlTemplate\":\"https:\\\/\\\/sodevinternational.org\\\/?s={search_term_string}\"},\"query-input\":{\"@type\":\"PropertyValueSpecification\",\"valueRequired\":true,\"valueName\":\"search_term_string\"}}],\"inLanguage\":\"en-US\"},{\"@type\":\"Organization\",\"@id\":\"https:\\\/\\\/sodevinternational.org\\\/#organization\",\"name\":\"Sodev International\",\"url\":\"https:\\\/\\\/sodevinternational.org\\\/\",\"logo\":{\"@type\":\"ImageObject\",\"inLanguage\":\"en-US\",\"@id\":\"https:\\\/\\\/sodevinternational.org\\\/#\\\/schema\\\/logo\\\/image\\\/\",\"url\":\"https:\\\/\\\/i0.wp.com\\\/sodevinternational.org\\\/wp-content\\\/uploads\\\/2022\\\/01\\\/cropped-logo-sodev.png?fit=378%2C211&ssl=1\",\"contentUrl\":\"https:\\\/\\\/i0.wp.com\\\/sodevinternational.org\\\/wp-content\\\/uploads\\\/2022\\\/01\\\/cropped-logo-sodev.png?fit=378%2C211&ssl=1\",\"width\":378,\"height\":211,\"caption\":\"Sodev International\"},\"image\":{\"@id\":\"https:\\\/\\\/sodevinternational.org\\\/#\\\/schema\\\/logo\\\/image\\\/\"}}]}<\/script>\n<!-- \/ Yoast SEO plugin. -->","yoast_head_json":{"title":"Projet coup de main (PCM) - Sodev International","robots":{"index":"index","follow":"follow","max-snippet":"max-snippet:-1","max-image-preview":"max-image-preview:large","max-video-preview":"max-video-preview:-1"},"canonical":"https:\/\/sodevinternational.org\/en\/projet-coup-de-main-pcm-2\/","og_locale":"en_US","og_type":"article","og_title":"Projet coup de main (PCM) - Sodev International","og_description":"Projet Coup de Main (PCM) Le projet coup de main (PCM) est un volet du Programme d\u2019Assistance aux Personnes en Besoin (PAPB) dont le but est de soulager les souffrances des personnes fragiles et vuln\u00e9rables. L\u2019objectif principal du PCM est de pourvoir temporairement aux besoins fondamentaux des personnes physiques. Il s\u2019agit des enfants orphelins ou [&hellip;]","og_url":"https:\/\/sodevinternational.org\/en\/projet-coup-de-main-pcm-2\/","og_site_name":"Sodev International","article_modified_time":"2022-10-22T20:11:55+00:00","og_image":[{"url":"https:\/\/sodevinternational.org\/wp-content\/uploads\/2022\/01\/Photo-1-5-1024x768.jpg","type":"","width":"","height":""}],"twitter_card":"summary_large_image","twitter_misc":{"Est. reading time":"2 minutes"},"schema":{"@context":"https:\/\/schema.org","@graph":[{"@type":"WebPage","@id":"https:\/\/sodevinternational.org\/projet-coup-de-main-pcm-2\/","url":"https:\/\/sodevinternational.org\/projet-coup-de-main-pcm-2\/","name":"Projet coup de main (PCM) - Sodev International","isPartOf":{"@id":"https:\/\/sodevinternational.org\/#website"},"primaryImageOfPage":{"@id":"https:\/\/sodevinternational.org\/projet-coup-de-main-pcm-2\/#primaryimage"},"image":{"@id":"https:\/\/sodevinternational.org\/projet-coup-de-main-pcm-2\/#primaryimage"},"thumbnailUrl":"https:\/\/sodevinternational.org\/wp-content\/uploads\/2022\/01\/Photo-1-5-1024x768.jpg","datePublished":"2022-10-19T15:50:32+00:00","dateModified":"2022-10-22T20:11:55+00:00","breadcrumb":{"@id":"https:\/\/sodevinternational.org\/projet-coup-de-main-pcm-2\/#breadcrumb"},"inLanguage":"en-US","potentialAction":[{"@type":"ReadAction","target":["https:\/\/sodevinternational.org\/projet-coup-de-main-pcm-2\/"]}]},{"@type":"ImageObject","inLanguage":"en-US","@id":"https:\/\/sodevinternational.org\/projet-coup-de-main-pcm-2\/#primaryimage","url":"https:\/\/sodevinternational.org\/wp-content\/uploads\/2022\/01\/Photo-1-5-1024x768.jpg","contentUrl":"https:\/\/sodevinternational.org\/wp-content\/uploads\/2022\/01\/Photo-1-5-1024x768.jpg"},{"@type":"BreadcrumbList","@id":"https:\/\/sodevinternational.org\/projet-coup-de-main-pcm-2\/#breadcrumb","itemListElement":[{"@type":"ListItem","position":1,"name":"Accueil","item":"https:\/\/sodevinternational.org\/"},{"@type":"ListItem","position":2,"name":"Projet coup de main (PCM)"}]},{"@type":"WebSite","@id":"https:\/\/sodevinternational.org\/#website","url":"https:\/\/sodevinternational.org\/","name":"Sodev International","description":"Sodev International","publisher":{"@id":"https:\/\/sodevinternational.org\/#organization"},"potentialAction":[{"@type":"SearchAction","target":{"@type":"EntryPoint","urlTemplate":"https:\/\/sodevinternational.org\/?s={search_term_string}"},"query-input":{"@type":"PropertyValueSpecification","valueRequired":true,"valueName":"search_term_string"}}],"inLanguage":"en-US"},{"@type":"Organization","@id":"https:\/\/sodevinternational.org\/#organization","name":"Sodev International","url":"https:\/\/sodevinternational.org\/","logo":{"@type":"ImageObject","inLanguage":"en-US","@id":"https:\/\/sodevinternational.org\/#\/schema\/logo\/image\/","url":"https:\/\/i0.wp.com\/sodevinternational.org\/wp-content\/uploads\/2022\/01\/cropped-logo-sodev.png?fit=378%2C211&ssl=1","contentUrl":"https:\/\/i0.wp.com\/sodevinternational.org\/wp-content\/uploads\/2022\/01\/cropped-logo-sodev.png?fit=378%2C211&ssl=1","width":378,"height":211,"caption":"Sodev International"},"image":{"@id":"https:\/\/sodevinternational.org\/#\/schema\/logo\/image\/"}}]}},"jetpack_sharing_enabled":true,"_links":{"self":[{"href":"https:\/\/sodevinternational.org\/en\/wp-json\/wp\/v2\/pages\/2100","targetHints":{"allow":["GET"]}}],"collection":[{"href":"https:\/\/sodevinternational.org\/en\/wp-json\/wp\/v2\/pages"}],"about":[{"href":"https:\/\/sodevinternational.org\/en\/wp-json\/wp\/v2\/types\/page"}],"author":[{"embeddable":true,"href":"https:\/\/sodevinternational.org\/en\/wp-json\/wp\/v2\/users\/1"}],"replies":[{"embeddable":true,"href":"https:\/\/sodevinternational.org\/en\/wp-json\/wp\/v2\/comments?post=2100"}],"version-history":[{"count":7,"href":"https:\/\/sodevinternational.org\/en\/wp-json\/wp\/v2\/pages\/2100\/revisions"}],"predecessor-version":[{"id":2138,"href":"https:\/\/sodevinternational.org\/en\/wp-json\/wp\/v2\/pages\/2100\/revisions\/2138"}],"wp:attachment":[{"href":"https:\/\/sodevinternational.org\/en\/wp-json\/wp\/v2\/media?parent=2100"}],"curies":[{"name":"wp","href":"https:\/\/api.w.org\/{rel}","templated":true}]}}