{"id":2085,"date":"2022-10-19T15:47:55","date_gmt":"2022-10-19T15:47:55","guid":{"rendered":"https:\/\/sodevinternational.org\/?page_id=2085"},"modified":"2023-05-04T15:50:28","modified_gmt":"2023-05-04T15:50:28","slug":"initiation-a-la-technologie","status":"publish","type":"page","link":"https:\/\/sodevinternational.org\/en\/initiation-a-la-technologie\/","title":{"rendered":"Project  Technology for Rural Communities (TRC)"},"content":{"rendered":"\t\t<div data-elementor-type=\"wp-page\" data-elementor-id=\"2085\" class=\"elementor elementor-2085\">\n\t\t\t\t\t\t\t\t\t<section class=\"elementor-section elementor-top-section elementor-element elementor-element-44cdb37c elementor-section-full_width elementor-section-stretched elementor-section-height-default elementor-section-height-default\" data-id=\"44cdb37c\" data-element_type=\"section\" data-settings=\"{&quot;stretch_section&quot;:&quot;section-stretched&quot;}\">\n\t\t\t\t\t\t<div class=\"elementor-container elementor-column-gap-default\">\n\t\t\t\t\t<div class=\"elementor-column elementor-col-100 elementor-top-column elementor-element elementor-element-31739111\" data-id=\"31739111\" data-element_type=\"column\" data-settings=\"{&quot;background_background&quot;:&quot;classic&quot;}\">\n\t\t\t<div class=\"elementor-widget-wrap elementor-element-populated\">\n\t\t\t\t\t\t\t\t<div class=\"elementor-element elementor-element-4eff5a90 elementor-widget elementor-widget-spacer\" data-id=\"4eff5a90\" data-element_type=\"widget\" data-widget_type=\"spacer.default\">\n\t\t\t\t<div class=\"elementor-widget-container\">\n\t\t\t<style>\/*! elementor - v3.10.2 - 29-01-2023 *\/\n.elementor-column .elementor-spacer-inner{height:var(--spacer-size)}.e-con{--container-widget-width:100%}.e-con-inner>.elementor-widget-spacer,.e-con>.elementor-widget-spacer{width:var(--container-widget-width,var(--spacer-size));--align-self:var(--container-widget-align-self,initial);--flex-shrink:0}.e-con-inner>.elementor-widget-spacer>.elementor-widget-container,.e-con-inner>.elementor-widget-spacer>.elementor-widget-container>.elementor-spacer,.e-con>.elementor-widget-spacer>.elementor-widget-container,.e-con>.elementor-widget-spacer>.elementor-widget-container>.elementor-spacer{height:100%}.e-con-inner>.elementor-widget-spacer>.elementor-widget-container>.elementor-spacer>.elementor-spacer-inner,.e-con>.elementor-widget-spacer>.elementor-widget-container>.elementor-spacer>.elementor-spacer-inner{height:var(--container-widget-height,var(--spacer-size))}<\/style>\t\t<div class=\"elementor-spacer\">\n\t\t\t<div class=\"elementor-spacer-inner\"><\/div>\n\t\t<\/div>\n\t\t\t\t<\/div>\n\t\t\t\t<\/div>\n\t\t\t\t<section class=\"elementor-section elementor-inner-section elementor-element elementor-element-7add2aac elementor-section-boxed elementor-section-height-default elementor-section-height-default\" data-id=\"7add2aac\" data-element_type=\"section\">\n\t\t\t\t\t\t<div class=\"elementor-container elementor-column-gap-default\">\n\t\t\t\t\t<div class=\"elementor-column elementor-col-100 elementor-inner-column elementor-element elementor-element-50032c25\" data-id=\"50032c25\" data-element_type=\"column\">\n\t\t\t<div class=\"elementor-widget-wrap elementor-element-populated\">\n\t\t\t\t\t\t\t\t<div class=\"elementor-element elementor-element-7f75e7af elementor-widget elementor-widget-heading\" data-id=\"7f75e7af\" data-element_type=\"widget\" data-widget_type=\"heading.default\">\n\t\t\t\t<div class=\"elementor-widget-container\">\n\t\t\t<style>\/*! elementor - v3.10.2 - 29-01-2023 *\/\n.elementor-heading-title{padding:0;margin:0;line-height:1}.elementor-widget-heading .elementor-heading-title[class*=elementor-size-]>a{color:inherit;font-size:inherit;line-height:inherit}.elementor-widget-heading .elementor-heading-title.elementor-size-small{font-size:15px}.elementor-widget-heading .elementor-heading-title.elementor-size-medium{font-size:19px}.elementor-widget-heading .elementor-heading-title.elementor-size-large{font-size:29px}.elementor-widget-heading .elementor-heading-title.elementor-size-xl{font-size:39px}.elementor-widget-heading .elementor-heading-title.elementor-size-xxl{font-size:59px}<\/style><h2 class=\"elementor-heading-title elementor-size-default\">Projet - Technologie au Service des Communaut\u00e9s Rurales (PTSCR)<\/h2>\t\t<\/div>\n\t\t\t\t<\/div>\n\t\t\t\t\t<\/div>\n\t\t<\/div>\n\t\t\t\t\t\t\t<\/div>\n\t\t<\/section>\n\t\t\t\t<div class=\"elementor-element elementor-element-7ebc14c elementor-widget elementor-widget-spacer\" data-id=\"7ebc14c\" data-element_type=\"widget\" data-widget_type=\"spacer.default\">\n\t\t\t\t<div class=\"elementor-widget-container\">\n\t\t\t\t\t<div class=\"elementor-spacer\">\n\t\t\t<div class=\"elementor-spacer-inner\"><\/div>\n\t\t<\/div>\n\t\t\t\t<\/div>\n\t\t\t\t<\/div>\n\t\t\t\t\t<\/div>\n\t\t<\/div>\n\t\t\t\t\t\t\t<\/div>\n\t\t<\/section>\n\t\t\t\t<section class=\"elementor-section elementor-top-section elementor-element elementor-element-2a7da8bc elementor-section-boxed elementor-section-height-default elementor-section-height-default\" data-id=\"2a7da8bc\" data-element_type=\"section\">\n\t\t\t\t\t\t<div class=\"elementor-container elementor-column-gap-default\">\n\t\t\t\t\t<div class=\"elementor-column elementor-col-100 elementor-top-column elementor-element elementor-element-7a3de947\" data-id=\"7a3de947\" data-element_type=\"column\">\n\t\t\t<div class=\"elementor-widget-wrap elementor-element-populated\">\n\t\t\t\t\t\t\t\t<div class=\"elementor-element elementor-element-46d9821f elementor-widget elementor-widget-spacer\" data-id=\"46d9821f\" data-element_type=\"widget\" data-widget_type=\"spacer.default\">\n\t\t\t\t<div class=\"elementor-widget-container\">\n\t\t\t\t\t<div class=\"elementor-spacer\">\n\t\t\t<div class=\"elementor-spacer-inner\"><\/div>\n\t\t<\/div>\n\t\t\t\t<\/div>\n\t\t\t\t<\/div>\n\t\t\t\t\t<\/div>\n\t\t<\/div>\n\t\t\t\t\t\t\t<\/div>\n\t\t<\/section>\n\t\t\t\t<section class=\"elementor-section elementor-top-section elementor-element elementor-element-6e633889 elementor-section-boxed elementor-section-height-default elementor-section-height-default\" data-id=\"6e633889\" data-element_type=\"section\">\n\t\t\t\t\t\t<div class=\"elementor-container elementor-column-gap-default\">\n\t\t\t\t\t<div class=\"elementor-column elementor-col-100 elementor-top-column elementor-element elementor-element-20704f33\" data-id=\"20704f33\" data-element_type=\"column\">\n\t\t\t<div class=\"elementor-widget-wrap elementor-element-populated\">\n\t\t\t\t\t\t\t\t<div class=\"elementor-element elementor-element-c3d65a0 elementor-widget elementor-widget-heading\" data-id=\"c3d65a0\" data-element_type=\"widget\" data-widget_type=\"heading.default\">\n\t\t\t\t<div class=\"elementor-widget-container\">\n\t\t\t<h2 class=\"elementor-heading-title elementor-size-default\">Comment utiliser la technologie pour le d\u00e9veloppement des communaut\u00e9s rurales ?<\/h2>\t\t<\/div>\n\t\t\t\t<\/div>\n\t\t\t\t<div class=\"elementor-element elementor-element-5ac0b22b elementor-widget elementor-widget-image\" data-id=\"5ac0b22b\" data-element_type=\"widget\" data-widget_type=\"image.default\">\n\t\t\t\t<div class=\"elementor-widget-container\">\n\t\t\t<style>\/*! elementor - v3.10.2 - 29-01-2023 *\/\n.elementor-widget-image{text-align:center}.elementor-widget-image a{display:inline-block}.elementor-widget-image a img[src$=\".svg\"]{width:48px}.elementor-widget-image img{vertical-align:middle;display:inline-block}<\/style>\t\t\t\t\t\t\t\t\t\t\t\t<img loading=\"lazy\" decoding=\"async\" width=\"1020\" height=\"462\" src=\"https:\/\/i0.wp.com\/sodevinternational.org\/wp-content\/uploads\/2022\/11\/Image1.png?fit=1020%2C462&amp;ssl=1\" class=\"attachment-large size-large wp-image-2555\" alt=\"\" srcset=\"https:\/\/i0.wp.com\/sodevinternational.org\/wp-content\/uploads\/2022\/11\/Image1.png?w=1020&amp;ssl=1 1020w, https:\/\/i0.wp.com\/sodevinternational.org\/wp-content\/uploads\/2022\/11\/Image1.png?resize=300%2C136&amp;ssl=1 300w, https:\/\/i0.wp.com\/sodevinternational.org\/wp-content\/uploads\/2022\/11\/Image1.png?resize=768%2C348&amp;ssl=1 768w, https:\/\/i0.wp.com\/sodevinternational.org\/wp-content\/uploads\/2022\/11\/Image1.png?resize=18%2C8&amp;ssl=1 18w\" sizes=\"auto, (max-width: 1020px) 100vw, 1020px\" \/>\t\t\t\t\t\t\t\t\t\t\t\t\t\t\t<\/div>\n\t\t\t\t<\/div>\n\t\t\t\t<div class=\"elementor-element elementor-element-31c897bb elementor-widget elementor-widget-spacer\" data-id=\"31c897bb\" data-element_type=\"widget\" data-widget_type=\"spacer.default\">\n\t\t\t\t<div class=\"elementor-widget-container\">\n\t\t\t\t\t<div class=\"elementor-spacer\">\n\t\t\t<div class=\"elementor-spacer-inner\"><\/div>\n\t\t<\/div>\n\t\t\t\t<\/div>\n\t\t\t\t<\/div>\n\t\t\t\t<div class=\"elementor-element elementor-element-18273c83 elementor-widget elementor-widget-text-editor\" data-id=\"18273c83\" data-element_type=\"widget\" data-widget_type=\"text-editor.default\">\n\t\t\t\t<div class=\"elementor-widget-container\">\n\t\t\t<style>\/*! elementor - v3.10.2 - 29-01-2023 *\/\n.elementor-widget-text-editor.elementor-drop-cap-view-stacked .elementor-drop-cap{background-color:#818a91;color:#fff}.elementor-widget-text-editor.elementor-drop-cap-view-framed .elementor-drop-cap{color:#818a91;border:3px solid;background-color:transparent}.elementor-widget-text-editor:not(.elementor-drop-cap-view-default) .elementor-drop-cap{margin-top:8px}.elementor-widget-text-editor:not(.elementor-drop-cap-view-default) .elementor-drop-cap-letter{width:1em;height:1em}.elementor-widget-text-editor .elementor-drop-cap{float:left;text-align:center;line-height:1;font-size:50px}.elementor-widget-text-editor .elementor-drop-cap-letter{display:inline-block}<\/style>\t\t\t\t<p>Le Projet Technologie au Service des Communaut\u00e9s Rurales (PTSCR) est une composante du Programme pour le D\u00e9veloppement des Communaut\u00e9s Rurales (PDCR). \u00c0 ce titre, il\u00a0compl\u00e9mente les autres \u00e9l\u00e9ments du PDCR\u00a0: le Projet de Restructuration Locale (PRL), le Projet Alphab\u00e9tisation Fonctionnelle en Langue Officielle (PAFLO) et le Projet \u00c9ducation Communautaire en Langues Maternelles (PECLM).<\/p><p>La technologie peut \u00eatre utilis\u00e9e \u00e0 diff\u00e9rentes fins pour faciliter la communication, faire circuler l&rsquo;information utile aux activit\u00e9s \u00e9conomiques en zones rurales, am\u00e9liorer les services communautaires et administratifs existants, ou encore pour en cr\u00e9er de nouveaux.<\/p><p>Dans le contexte du PDCR, des instruments du PTSCR sont utilis\u00e9s pour la collecte et le partage efficace de donn\u00e9es sur certains d\u00e9fis auxquels font face les communaut\u00e9s rurales et pour aider les individus et les organisations paysannes \u00e0 \u00eatre plus innovants, efficaces et productifs.<\/p><p>Par exemple, les b\u00e9n\u00e9ficiaires qui ont achev\u00e9 les programmes d\u2019alphab\u00e9tisation initiale pourront \u00eatre amen\u00e9s \u00e0 d\u00e9velopper de nouvelles aptitudes et \u00e0 acqu\u00e9rir de nouvelles comp\u00e9tences dans l\u2019informatique. L\u2019acc\u00e8s \u00e0 l\u2019information et la mise en r\u00e9seau facilitent une \u00e9ducation continue et la d\u00e9couverte du monde ext\u00e9rieur, ce qui permet d\u2019\u00e9tablir des contacts et d\u2019\u00e9changer en fonction des besoins individuels et communautaires. \u00c0 ces \u00e9gards, les technologies informatiques ont pour objectifs principaux de : (i) collecter des donn\u00e9es socio-\u00e9conomiques et culturelles\u00a0; (ii) installer un syst\u00e8me de documentation et d\u2019enregistrement de donn\u00e9es relatives aux ressources humaines, mat\u00e9rielles et financi\u00e8res disponibles dans la localit\u00e9\u00a0; (iii) \u00e9tablir un syst\u00e8me de conservation de ces donn\u00e9es\u00a0; et (iv) faciliter une meilleure gestion des ressources rurales. Les b\u00e9n\u00e9ficiaires form\u00e9s travailleront aux c\u00f4t\u00e9s des autorit\u00e9s et des organismes locaux pour un d\u00e9veloppement socio-\u00e9conomique et culturel durable.<\/p>\t\t\t\t\t\t<\/div>\n\t\t\t\t<\/div>\n\t\t\t\t\t<\/div>\n\t\t<\/div>\n\t\t\t\t\t\t\t<\/div>\n\t\t<\/section>\n\t\t\t\t\t\t\t<\/div>\n\t\t","protected":false},"excerpt":{"rendered":"<p>Projet &#8211; Technologie au Service des Communaut\u00e9s Rurales (PTSCR) Comment utiliser la technologie pour le d\u00e9veloppement des communaut\u00e9s rurales ? Le Projet Technologie au Service des Communaut\u00e9s Rurales (PTSCR) est une composante du Programme pour le D\u00e9veloppement des Communaut\u00e9s Rurales (PDCR). \u00c0 ce titre, il\u00a0compl\u00e9mente les autres \u00e9l\u00e9ments du PDCR\u00a0: le Projet de Restructuration Locale [&hellip;]<\/p>\n","protected":false},"author":1,"featured_media":0,"parent":0,"menu_order":0,"comment_status":"closed","ping_status":"closed","template":"","meta":{"om_disable_all_campaigns":false,"ocean_post_layout":"full-width","ocean_both_sidebars_style":"","ocean_both_sidebars_content_width":0,"ocean_both_sidebars_sidebars_width":0,"ocean_sidebar":"0","ocean_second_sidebar":"0","ocean_disable_margins":"enable","ocean_add_body_class":"","ocean_shortcode_before_top_bar":"","ocean_shortcode_after_top_bar":"","ocean_shortcode_before_header":"","ocean_shortcode_after_header":"","ocean_has_shortcode":"","ocean_shortcode_after_title":"","ocean_shortcode_before_footer_widgets":"","ocean_shortcode_after_footer_widgets":"","ocean_shortcode_before_footer_bottom":"","ocean_shortcode_after_footer_bottom":"","ocean_display_top_bar":"default","ocean_display_header":"default","ocean_header_style":"","ocean_center_header_left_menu":"0","ocean_custom_header_template":"0","ocean_custom_logo":0,"ocean_custom_retina_logo":0,"ocean_custom_logo_max_width":0,"ocean_custom_logo_tablet_max_width":0,"ocean_custom_logo_mobile_max_width":0,"ocean_custom_logo_max_height":0,"ocean_custom_logo_tablet_max_height":0,"ocean_custom_logo_mobile_max_height":0,"ocean_header_custom_menu":"0","ocean_menu_typo_font_family":"0","ocean_menu_typo_font_subset":"","ocean_menu_typo_font_size":0,"ocean_menu_typo_font_size_tablet":0,"ocean_menu_typo_font_size_mobile":0,"ocean_menu_typo_font_size_unit":"px","ocean_menu_typo_font_weight":"","ocean_menu_typo_font_weight_tablet":"","ocean_menu_typo_font_weight_mobile":"","ocean_menu_typo_transform":"","ocean_menu_typo_transform_tablet":"","ocean_menu_typo_transform_mobile":"","ocean_menu_typo_line_height":0,"ocean_menu_typo_line_height_tablet":0,"ocean_menu_typo_line_height_mobile":0,"ocean_menu_typo_line_height_unit":"","ocean_menu_typo_spacing":0,"ocean_menu_typo_spacing_tablet":0,"ocean_menu_typo_spacing_mobile":0,"ocean_menu_typo_spacing_unit":"","ocean_menu_link_color":"","ocean_menu_link_color_hover":"","ocean_menu_link_color_active":"","ocean_menu_link_background":"","ocean_menu_link_hover_background":"","ocean_menu_link_active_background":"","ocean_menu_social_links_bg":"","ocean_menu_social_hover_links_bg":"","ocean_menu_social_links_color":"","ocean_menu_social_hover_links_color":"","ocean_disable_title":"default","ocean_disable_heading":"default","ocean_post_title":"","ocean_post_subheading":"","ocean_post_title_style":"","ocean_post_title_background_color":"","ocean_post_title_background":0,"ocean_post_title_bg_image_position":"","ocean_post_title_bg_image_attachment":"","ocean_post_title_bg_image_repeat":"","ocean_post_title_bg_image_size":"","ocean_post_title_height":0,"ocean_post_title_bg_overlay":0.5,"ocean_post_title_bg_overlay_color":"","ocean_disable_breadcrumbs":"default","ocean_breadcrumbs_color":"","ocean_breadcrumbs_separator_color":"","ocean_breadcrumbs_links_color":"","ocean_breadcrumbs_links_hover_color":"","ocean_display_footer_widgets":"default","ocean_display_footer_bottom":"default","ocean_custom_footer_template":"0","footnotes":""},"class_list":["post-2085","page","type-page","status-publish","hentry","entry"],"yoast_head":"<!-- This site is optimized with the Yoast SEO plugin v27.4 - https:\/\/yoast.com\/product\/yoast-seo-wordpress\/ -->\n<title>Initiation \u00e0 la technologie - Sodev International<\/title>\n<meta name=\"robots\" content=\"index, follow, max-snippet:-1, max-image-preview:large, max-video-preview:-1\" \/>\n<link rel=\"canonical\" href=\"https:\/\/sodevinternational.org\/en\/initiation-a-la-technologie\/\" \/>\n<meta property=\"og:locale\" content=\"en_US\" \/>\n<meta property=\"og:type\" content=\"article\" \/>\n<meta property=\"og:title\" content=\"Initiation \u00e0 la technologie - Sodev International\" \/>\n<meta property=\"og:description\" content=\"Projet &#8211; Technologie au Service des Communaut\u00e9s Rurales (PTSCR) Comment utiliser la technologie pour le d\u00e9veloppement des communaut\u00e9s rurales ? Le Projet Technologie au Service des Communaut\u00e9s Rurales (PTSCR) est une composante du Programme pour le D\u00e9veloppement des Communaut\u00e9s Rurales (PDCR). \u00c0 ce titre, il\u00a0compl\u00e9mente les autres \u00e9l\u00e9ments du PDCR\u00a0: le Projet de Restructuration Locale [&hellip;]\" \/>\n<meta property=\"og:url\" content=\"https:\/\/sodevinternational.org\/en\/initiation-a-la-technologie\/\" \/>\n<meta property=\"og:site_name\" content=\"Sodev International\" \/>\n<meta property=\"article:modified_time\" content=\"2023-05-04T15:50:28+00:00\" \/>\n<meta property=\"og:image\" content=\"https:\/\/sodevinternational.org\/wp-content\/uploads\/2022\/11\/Image1.png\" \/>\n<meta name=\"twitter:card\" content=\"summary_large_image\" \/>\n<meta name=\"twitter:label1\" content=\"Est. reading time\" \/>\n\t<meta name=\"twitter:data1\" content=\"2 minutes\" \/>\n<script type=\"application\/ld+json\" class=\"yoast-schema-graph\">{\"@context\":\"https:\\\/\\\/schema.org\",\"@graph\":[{\"@type\":\"WebPage\",\"@id\":\"https:\\\/\\\/sodevinternational.org\\\/initiation-a-la-technologie\\\/\",\"url\":\"https:\\\/\\\/sodevinternational.org\\\/initiation-a-la-technologie\\\/\",\"name\":\"Initiation \u00e0 la technologie - Sodev International\",\"isPartOf\":{\"@id\":\"https:\\\/\\\/sodevinternational.org\\\/#website\"},\"primaryImageOfPage\":{\"@id\":\"https:\\\/\\\/sodevinternational.org\\\/initiation-a-la-technologie\\\/#primaryimage\"},\"image\":{\"@id\":\"https:\\\/\\\/sodevinternational.org\\\/initiation-a-la-technologie\\\/#primaryimage\"},\"thumbnailUrl\":\"https:\\\/\\\/sodevinternational.org\\\/wp-content\\\/uploads\\\/2022\\\/11\\\/Image1.png\",\"datePublished\":\"2022-10-19T15:47:55+00:00\",\"dateModified\":\"2023-05-04T15:50:28+00:00\",\"breadcrumb\":{\"@id\":\"https:\\\/\\\/sodevinternational.org\\\/initiation-a-la-technologie\\\/#breadcrumb\"},\"inLanguage\":\"en-US\",\"potentialAction\":[{\"@type\":\"ReadAction\",\"target\":[\"https:\\\/\\\/sodevinternational.org\\\/initiation-a-la-technologie\\\/\"]}]},{\"@type\":\"ImageObject\",\"inLanguage\":\"en-US\",\"@id\":\"https:\\\/\\\/sodevinternational.org\\\/initiation-a-la-technologie\\\/#primaryimage\",\"url\":\"https:\\\/\\\/sodevinternational.org\\\/wp-content\\\/uploads\\\/2022\\\/11\\\/Image1.png\",\"contentUrl\":\"https:\\\/\\\/sodevinternational.org\\\/wp-content\\\/uploads\\\/2022\\\/11\\\/Image1.png\"},{\"@type\":\"BreadcrumbList\",\"@id\":\"https:\\\/\\\/sodevinternational.org\\\/initiation-a-la-technologie\\\/#breadcrumb\",\"itemListElement\":[{\"@type\":\"ListItem\",\"position\":1,\"name\":\"Accueil\",\"item\":\"https:\\\/\\\/sodevinternational.org\\\/\"},{\"@type\":\"ListItem\",\"position\":2,\"name\":\"Initiation \u00e0 la technologie\"}]},{\"@type\":\"WebSite\",\"@id\":\"https:\\\/\\\/sodevinternational.org\\\/#website\",\"url\":\"https:\\\/\\\/sodevinternational.org\\\/\",\"name\":\"Sodev International\",\"description\":\"Sodev International\",\"publisher\":{\"@id\":\"https:\\\/\\\/sodevinternational.org\\\/#organization\"},\"potentialAction\":[{\"@type\":\"SearchAction\",\"target\":{\"@type\":\"EntryPoint\",\"urlTemplate\":\"https:\\\/\\\/sodevinternational.org\\\/?s={search_term_string}\"},\"query-input\":{\"@type\":\"PropertyValueSpecification\",\"valueRequired\":true,\"valueName\":\"search_term_string\"}}],\"inLanguage\":\"en-US\"},{\"@type\":\"Organization\",\"@id\":\"https:\\\/\\\/sodevinternational.org\\\/#organization\",\"name\":\"Sodev International\",\"url\":\"https:\\\/\\\/sodevinternational.org\\\/\",\"logo\":{\"@type\":\"ImageObject\",\"inLanguage\":\"en-US\",\"@id\":\"https:\\\/\\\/sodevinternational.org\\\/#\\\/schema\\\/logo\\\/image\\\/\",\"url\":\"https:\\\/\\\/i0.wp.com\\\/sodevinternational.org\\\/wp-content\\\/uploads\\\/2022\\\/01\\\/cropped-logo-sodev.png?fit=378%2C211&ssl=1\",\"contentUrl\":\"https:\\\/\\\/i0.wp.com\\\/sodevinternational.org\\\/wp-content\\\/uploads\\\/2022\\\/01\\\/cropped-logo-sodev.png?fit=378%2C211&ssl=1\",\"width\":378,\"height\":211,\"caption\":\"Sodev International\"},\"image\":{\"@id\":\"https:\\\/\\\/sodevinternational.org\\\/#\\\/schema\\\/logo\\\/image\\\/\"}}]}<\/script>\n<!-- \/ Yoast SEO plugin. -->","yoast_head_json":{"title":"Initiation \u00e0 la technologie - Sodev International","robots":{"index":"index","follow":"follow","max-snippet":"max-snippet:-1","max-image-preview":"max-image-preview:large","max-video-preview":"max-video-preview:-1"},"canonical":"https:\/\/sodevinternational.org\/en\/initiation-a-la-technologie\/","og_locale":"en_US","og_type":"article","og_title":"Initiation \u00e0 la technologie - Sodev International","og_description":"Projet &#8211; Technologie au Service des Communaut\u00e9s Rurales (PTSCR) Comment utiliser la technologie pour le d\u00e9veloppement des communaut\u00e9s rurales ? Le Projet Technologie au Service des Communaut\u00e9s Rurales (PTSCR) est une composante du Programme pour le D\u00e9veloppement des Communaut\u00e9s Rurales (PDCR). \u00c0 ce titre, il\u00a0compl\u00e9mente les autres \u00e9l\u00e9ments du PDCR\u00a0: le Projet de Restructuration Locale [&hellip;]","og_url":"https:\/\/sodevinternational.org\/en\/initiation-a-la-technologie\/","og_site_name":"Sodev International","article_modified_time":"2023-05-04T15:50:28+00:00","og_image":[{"url":"https:\/\/sodevinternational.org\/wp-content\/uploads\/2022\/11\/Image1.png","type":"","width":"","height":""}],"twitter_card":"summary_large_image","twitter_misc":{"Est. reading time":"2 minutes"},"schema":{"@context":"https:\/\/schema.org","@graph":[{"@type":"WebPage","@id":"https:\/\/sodevinternational.org\/initiation-a-la-technologie\/","url":"https:\/\/sodevinternational.org\/initiation-a-la-technologie\/","name":"Initiation \u00e0 la technologie - Sodev International","isPartOf":{"@id":"https:\/\/sodevinternational.org\/#website"},"primaryImageOfPage":{"@id":"https:\/\/sodevinternational.org\/initiation-a-la-technologie\/#primaryimage"},"image":{"@id":"https:\/\/sodevinternational.org\/initiation-a-la-technologie\/#primaryimage"},"thumbnailUrl":"https:\/\/sodevinternational.org\/wp-content\/uploads\/2022\/11\/Image1.png","datePublished":"2022-10-19T15:47:55+00:00","dateModified":"2023-05-04T15:50:28+00:00","breadcrumb":{"@id":"https:\/\/sodevinternational.org\/initiation-a-la-technologie\/#breadcrumb"},"inLanguage":"en-US","potentialAction":[{"@type":"ReadAction","target":["https:\/\/sodevinternational.org\/initiation-a-la-technologie\/"]}]},{"@type":"ImageObject","inLanguage":"en-US","@id":"https:\/\/sodevinternational.org\/initiation-a-la-technologie\/#primaryimage","url":"https:\/\/sodevinternational.org\/wp-content\/uploads\/2022\/11\/Image1.png","contentUrl":"https:\/\/sodevinternational.org\/wp-content\/uploads\/2022\/11\/Image1.png"},{"@type":"BreadcrumbList","@id":"https:\/\/sodevinternational.org\/initiation-a-la-technologie\/#breadcrumb","itemListElement":[{"@type":"ListItem","position":1,"name":"Accueil","item":"https:\/\/sodevinternational.org\/"},{"@type":"ListItem","position":2,"name":"Initiation \u00e0 la technologie"}]},{"@type":"WebSite","@id":"https:\/\/sodevinternational.org\/#website","url":"https:\/\/sodevinternational.org\/","name":"Sodev International","description":"Sodev International","publisher":{"@id":"https:\/\/sodevinternational.org\/#organization"},"potentialAction":[{"@type":"SearchAction","target":{"@type":"EntryPoint","urlTemplate":"https:\/\/sodevinternational.org\/?s={search_term_string}"},"query-input":{"@type":"PropertyValueSpecification","valueRequired":true,"valueName":"search_term_string"}}],"inLanguage":"en-US"},{"@type":"Organization","@id":"https:\/\/sodevinternational.org\/#organization","name":"Sodev International","url":"https:\/\/sodevinternational.org\/","logo":{"@type":"ImageObject","inLanguage":"en-US","@id":"https:\/\/sodevinternational.org\/#\/schema\/logo\/image\/","url":"https:\/\/i0.wp.com\/sodevinternational.org\/wp-content\/uploads\/2022\/01\/cropped-logo-sodev.png?fit=378%2C211&ssl=1","contentUrl":"https:\/\/i0.wp.com\/sodevinternational.org\/wp-content\/uploads\/2022\/01\/cropped-logo-sodev.png?fit=378%2C211&ssl=1","width":378,"height":211,"caption":"Sodev International"},"image":{"@id":"https:\/\/sodevinternational.org\/#\/schema\/logo\/image\/"}}]}},"jetpack_sharing_enabled":true,"_links":{"self":[{"href":"https:\/\/sodevinternational.org\/en\/wp-json\/wp\/v2\/pages\/2085","targetHints":{"allow":["GET"]}}],"collection":[{"href":"https:\/\/sodevinternational.org\/en\/wp-json\/wp\/v2\/pages"}],"about":[{"href":"https:\/\/sodevinternational.org\/en\/wp-json\/wp\/v2\/types\/page"}],"author":[{"embeddable":true,"href":"https:\/\/sodevinternational.org\/en\/wp-json\/wp\/v2\/users\/1"}],"replies":[{"embeddable":true,"href":"https:\/\/sodevinternational.org\/en\/wp-json\/wp\/v2\/comments?post=2085"}],"version-history":[{"count":13,"href":"https:\/\/sodevinternational.org\/en\/wp-json\/wp\/v2\/pages\/2085\/revisions"}],"predecessor-version":[{"id":2653,"href":"https:\/\/sodevinternational.org\/en\/wp-json\/wp\/v2\/pages\/2085\/revisions\/2653"}],"wp:attachment":[{"href":"https:\/\/sodevinternational.org\/en\/wp-json\/wp\/v2\/media?parent=2085"}],"curies":[{"name":"wp","href":"https:\/\/api.w.org\/{rel}","templated":true}]}}