{"id":2082,"date":"2022-10-19T15:47:35","date_gmt":"2022-10-19T15:47:35","guid":{"rendered":"https:\/\/sodevinternational.org\/?page_id=2082"},"modified":"2023-04-10T17:27:56","modified_gmt":"2023-04-10T17:27:56","slug":"education-communautaire-en-langues-nationales","status":"publish","type":"page","link":"https:\/\/sodevinternational.org\/en\/education-communautaire-en-langues-nationales\/","title":{"rendered":"Community education in national languages"},"content":{"rendered":"\t\t<div data-elementor-type=\"wp-page\" data-elementor-id=\"2082\" class=\"elementor elementor-2082\">\n\t\t\t\t\t\t\t\t\t<section class=\"elementor-section elementor-top-section elementor-element elementor-element-18166c22 elementor-section-full_width elementor-section-stretched elementor-section-height-default elementor-section-height-default\" data-id=\"18166c22\" data-element_type=\"section\" data-settings=\"{&quot;stretch_section&quot;:&quot;section-stretched&quot;}\">\n\t\t\t\t\t\t<div class=\"elementor-container elementor-column-gap-default\">\n\t\t\t\t\t<div class=\"elementor-column elementor-col-100 elementor-top-column elementor-element elementor-element-7ead399b\" data-id=\"7ead399b\" data-element_type=\"column\" data-settings=\"{&quot;background_background&quot;:&quot;classic&quot;}\">\n\t\t\t<div class=\"elementor-widget-wrap elementor-element-populated\">\n\t\t\t\t\t\t\t\t<div class=\"elementor-element elementor-element-11b02211 elementor-widget elementor-widget-spacer\" data-id=\"11b02211\" data-element_type=\"widget\" data-widget_type=\"spacer.default\">\n\t\t\t\t<div class=\"elementor-widget-container\">\n\t\t\t<style>\/*! elementor - v3.10.2 - 29-01-2023 *\/\n.elementor-column .elementor-spacer-inner{height:var(--spacer-size)}.e-con{--container-widget-width:100%}.e-con-inner>.elementor-widget-spacer,.e-con>.elementor-widget-spacer{width:var(--container-widget-width,var(--spacer-size));--align-self:var(--container-widget-align-self,initial);--flex-shrink:0}.e-con-inner>.elementor-widget-spacer>.elementor-widget-container,.e-con-inner>.elementor-widget-spacer>.elementor-widget-container>.elementor-spacer,.e-con>.elementor-widget-spacer>.elementor-widget-container,.e-con>.elementor-widget-spacer>.elementor-widget-container>.elementor-spacer{height:100%}.e-con-inner>.elementor-widget-spacer>.elementor-widget-container>.elementor-spacer>.elementor-spacer-inner,.e-con>.elementor-widget-spacer>.elementor-widget-container>.elementor-spacer>.elementor-spacer-inner{height:var(--container-widget-height,var(--spacer-size))}<\/style>\t\t<div class=\"elementor-spacer\">\n\t\t\t<div class=\"elementor-spacer-inner\"><\/div>\n\t\t<\/div>\n\t\t\t\t<\/div>\n\t\t\t\t<\/div>\n\t\t\t\t<section class=\"elementor-section elementor-inner-section elementor-element elementor-element-65832b5a elementor-section-boxed elementor-section-height-default elementor-section-height-default\" data-id=\"65832b5a\" data-element_type=\"section\">\n\t\t\t\t\t\t<div class=\"elementor-container elementor-column-gap-default\">\n\t\t\t\t\t<div class=\"elementor-column elementor-col-100 elementor-inner-column elementor-element elementor-element-2bd15890\" data-id=\"2bd15890\" data-element_type=\"column\">\n\t\t\t<div class=\"elementor-widget-wrap elementor-element-populated\">\n\t\t\t\t\t\t\t\t<div class=\"elementor-element elementor-element-790b0b9a elementor-widget elementor-widget-heading\" data-id=\"790b0b9a\" data-element_type=\"widget\" data-widget_type=\"heading.default\">\n\t\t\t\t<div class=\"elementor-widget-container\">\n\t\t\t<style>\/*! elementor - v3.10.2 - 29-01-2023 *\/\n.elementor-heading-title{padding:0;margin:0;line-height:1}.elementor-widget-heading .elementor-heading-title[class*=elementor-size-]>a{color:inherit;font-size:inherit;line-height:inherit}.elementor-widget-heading .elementor-heading-title.elementor-size-small{font-size:15px}.elementor-widget-heading .elementor-heading-title.elementor-size-medium{font-size:19px}.elementor-widget-heading .elementor-heading-title.elementor-size-large{font-size:29px}.elementor-widget-heading .elementor-heading-title.elementor-size-xl{font-size:39px}.elementor-widget-heading .elementor-heading-title.elementor-size-xxl{font-size:59px}<\/style><h2 class=\"elementor-heading-title elementor-size-default\">Le projet d\u2019\u00e9ducation communautaire en langues maternelles <\/h2>\t\t<\/div>\n\t\t\t\t<\/div>\n\t\t\t\t\t<\/div>\n\t\t<\/div>\n\t\t\t\t\t\t\t<\/div>\n\t\t<\/section>\n\t\t\t\t<div class=\"elementor-element elementor-element-19769048 elementor-widget elementor-widget-spacer\" data-id=\"19769048\" data-element_type=\"widget\" data-widget_type=\"spacer.default\">\n\t\t\t\t<div class=\"elementor-widget-container\">\n\t\t\t\t\t<div class=\"elementor-spacer\">\n\t\t\t<div class=\"elementor-spacer-inner\"><\/div>\n\t\t<\/div>\n\t\t\t\t<\/div>\n\t\t\t\t<\/div>\n\t\t\t\t\t<\/div>\n\t\t<\/div>\n\t\t\t\t\t\t\t<\/div>\n\t\t<\/section>\n\t\t\t\t<section class=\"elementor-section elementor-top-section elementor-element elementor-element-7f5446c3 elementor-section-boxed elementor-section-height-default elementor-section-height-default\" data-id=\"7f5446c3\" data-element_type=\"section\">\n\t\t\t\t\t\t<div class=\"elementor-container elementor-column-gap-default\">\n\t\t\t\t\t<div class=\"elementor-column elementor-col-100 elementor-top-column elementor-element elementor-element-20915d18\" data-id=\"20915d18\" data-element_type=\"column\">\n\t\t\t<div class=\"elementor-widget-wrap elementor-element-populated\">\n\t\t\t\t\t\t\t\t<div class=\"elementor-element elementor-element-39d04ca4 elementor-widget elementor-widget-spacer\" data-id=\"39d04ca4\" data-element_type=\"widget\" data-widget_type=\"spacer.default\">\n\t\t\t\t<div class=\"elementor-widget-container\">\n\t\t\t\t\t<div class=\"elementor-spacer\">\n\t\t\t<div class=\"elementor-spacer-inner\"><\/div>\n\t\t<\/div>\n\t\t\t\t<\/div>\n\t\t\t\t<\/div>\n\t\t\t\t\t<\/div>\n\t\t<\/div>\n\t\t\t\t\t\t\t<\/div>\n\t\t<\/section>\n\t\t\t\t<section class=\"elementor-section elementor-top-section elementor-element elementor-element-496569eb elementor-section-boxed elementor-section-height-default elementor-section-height-default\" data-id=\"496569eb\" data-element_type=\"section\">\n\t\t\t\t\t\t<div class=\"elementor-container elementor-column-gap-default\">\n\t\t\t\t\t<div class=\"elementor-column elementor-col-100 elementor-top-column elementor-element elementor-element-12eea531\" data-id=\"12eea531\" data-element_type=\"column\">\n\t\t\t<div class=\"elementor-widget-wrap elementor-element-populated\">\n\t\t\t\t\t\t\t\t<div class=\"elementor-element elementor-element-57b8326 elementor-widget elementor-widget-heading\" data-id=\"57b8326\" data-element_type=\"widget\" data-widget_type=\"heading.default\">\n\t\t\t\t<div class=\"elementor-widget-container\">\n\t\t\t<h3 class=\"elementor-heading-title elementor-size-default\">Pourquoi un projet d\u2019\u00e9ducation communautaire en langues maternelles ?<\/h3>\t\t<\/div>\n\t\t\t\t<\/div>\n\t\t\t\t<div class=\"elementor-element elementor-element-1051948d elementor-widget elementor-widget-image\" data-id=\"1051948d\" data-element_type=\"widget\" data-widget_type=\"image.default\">\n\t\t\t\t<div class=\"elementor-widget-container\">\n\t\t\t<style>\/*! elementor - v3.10.2 - 29-01-2023 *\/\n.elementor-widget-image{text-align:center}.elementor-widget-image a{display:inline-block}.elementor-widget-image a img[src$=\".svg\"]{width:48px}.elementor-widget-image img{vertical-align:middle;display:inline-block}<\/style>\t\t\t\t\t\t\t\t\t\t\t\t<img loading=\"lazy\" decoding=\"async\" width=\"1024\" height=\"446\" src=\"https:\/\/i0.wp.com\/sodevinternational.org\/wp-content\/uploads\/2022\/10\/ss.png?fit=1024%2C446&amp;ssl=1\" class=\"attachment-large size-large wp-image-2414\" alt=\"\" srcset=\"https:\/\/i0.wp.com\/sodevinternational.org\/wp-content\/uploads\/2022\/10\/ss.png?w=1114&amp;ssl=1 1114w, https:\/\/i0.wp.com\/sodevinternational.org\/wp-content\/uploads\/2022\/10\/ss.png?resize=300%2C131&amp;ssl=1 300w, https:\/\/i0.wp.com\/sodevinternational.org\/wp-content\/uploads\/2022\/10\/ss.png?resize=1024%2C446&amp;ssl=1 1024w, https:\/\/i0.wp.com\/sodevinternational.org\/wp-content\/uploads\/2022\/10\/ss.png?resize=768%2C334&amp;ssl=1 768w, https:\/\/i0.wp.com\/sodevinternational.org\/wp-content\/uploads\/2022\/10\/ss.png?resize=18%2C8&amp;ssl=1 18w\" sizes=\"auto, (max-width: 1024px) 100vw, 1024px\" \/>\t\t\t\t\t\t\t\t\t\t\t\t\t\t\t<\/div>\n\t\t\t\t<\/div>\n\t\t\t\t<div class=\"elementor-element elementor-element-57d42020 elementor-widget elementor-widget-spacer\" data-id=\"57d42020\" data-element_type=\"widget\" data-widget_type=\"spacer.default\">\n\t\t\t\t<div class=\"elementor-widget-container\">\n\t\t\t\t\t<div class=\"elementor-spacer\">\n\t\t\t<div class=\"elementor-spacer-inner\"><\/div>\n\t\t<\/div>\n\t\t\t\t<\/div>\n\t\t\t\t<\/div>\n\t\t\t\t<div class=\"elementor-element elementor-element-2276dc0f elementor-widget elementor-widget-text-editor\" data-id=\"2276dc0f\" data-element_type=\"widget\" data-widget_type=\"text-editor.default\">\n\t\t\t\t<div class=\"elementor-widget-container\">\n\t\t\t<style>\/*! elementor - v3.10.2 - 29-01-2023 *\/\n.elementor-widget-text-editor.elementor-drop-cap-view-stacked .elementor-drop-cap{background-color:#818a91;color:#fff}.elementor-widget-text-editor.elementor-drop-cap-view-framed .elementor-drop-cap{color:#818a91;border:3px solid;background-color:transparent}.elementor-widget-text-editor:not(.elementor-drop-cap-view-default) .elementor-drop-cap{margin-top:8px}.elementor-widget-text-editor:not(.elementor-drop-cap-view-default) .elementor-drop-cap-letter{width:1em;height:1em}.elementor-widget-text-editor .elementor-drop-cap{float:left;text-align:center;line-height:1;font-size:50px}.elementor-widget-text-editor .elementor-drop-cap-letter{display:inline-block}<\/style>\t\t\t\t<p>Le Projet \u00c9ducation Communautaire en Langues Maternelles (PECLM) est l\u2019une des composantes du Programme pour le D\u00e9veloppement des Communaut\u00e9s Rurales (PDRC), qui compl\u00e9mente le Projet Alphab\u00e9tisation Fonctionnelle en Langue Officielle (PAFLO). Le PECLM a pour objectif de sensibiliser et de renforcer l\u2019\u00e9ducation des communaut\u00e9s rurales dans plusieurs domaines : agriculture, environnement, sant\u00e9, nutrition et alimentation, \u00e9conomie familiale, gestion, droits et devoirs du citoyen.<\/p>\n\n<p>Cette \u00e9ducation se fait en langues maternelles, ce qui renforce les comp\u00e9tences acquises et la capacit\u00e9 des b\u00e9n\u00e9ficiaires directs de les transf\u00e9rer \u00e0 leur tour pour assurer la diffusion \u00e0 l\u2019ensemble de la communaut\u00e9, et ainsi pour garantir la durabilit\u00e9 de l\u2019action.<\/p>\n\n<p>Les s\u00e9ances d\u2019\u00e9ducation sont organis\u00e9es en collaboration avec des personnes ressources et des services sp\u00e9cialis\u00e9s. Nous utilisons des outils appropri\u00e9s (mat\u00e9riels didactiques, audios, vid\u00e9os, etc.)<\/p>\t\t\t\t\t\t<\/div>\n\t\t\t\t<\/div>\n\t\t\t\t\t<\/div>\n\t\t<\/div>\n\t\t\t\t\t\t\t<\/div>\n\t\t<\/section>\n\t\t\t\t\t\t\t<\/div>\n\t\t","protected":false},"excerpt":{"rendered":"<p>Le projet d\u2019\u00e9ducation communautaire en langues maternelles Pourquoi un projet d\u2019\u00e9ducation communautaire en langues maternelles ? Le Projet \u00c9ducation Communautaire en Langues Maternelles (PECLM) est l\u2019une des composantes du Programme pour le D\u00e9veloppement des Communaut\u00e9s Rurales (PDRC), qui compl\u00e9mente le Projet Alphab\u00e9tisation Fonctionnelle en Langue Officielle (PAFLO). Le PECLM a pour objectif de sensibiliser et [&hellip;]<\/p>\n","protected":false},"author":1,"featured_media":0,"parent":0,"menu_order":0,"comment_status":"closed","ping_status":"closed","template":"","meta":{"om_disable_all_campaigns":false,"ocean_post_layout":"full-width","ocean_both_sidebars_style":"","ocean_both_sidebars_content_width":0,"ocean_both_sidebars_sidebars_width":0,"ocean_sidebar":"0","ocean_second_sidebar":"0","ocean_disable_margins":"enable","ocean_add_body_class":"","ocean_shortcode_before_top_bar":"","ocean_shortcode_after_top_bar":"","ocean_shortcode_before_header":"","ocean_shortcode_after_header":"","ocean_has_shortcode":"","ocean_shortcode_after_title":"","ocean_shortcode_before_footer_widgets":"","ocean_shortcode_after_footer_widgets":"","ocean_shortcode_before_footer_bottom":"","ocean_shortcode_after_footer_bottom":"","ocean_display_top_bar":"default","ocean_display_header":"default","ocean_header_style":"","ocean_center_header_left_menu":"0","ocean_custom_header_template":"0","ocean_custom_logo":0,"ocean_custom_retina_logo":0,"ocean_custom_logo_max_width":0,"ocean_custom_logo_tablet_max_width":0,"ocean_custom_logo_mobile_max_width":0,"ocean_custom_logo_max_height":0,"ocean_custom_logo_tablet_max_height":0,"ocean_custom_logo_mobile_max_height":0,"ocean_header_custom_menu":"0","ocean_menu_typo_font_family":"0","ocean_menu_typo_font_subset":"","ocean_menu_typo_font_size":0,"ocean_menu_typo_font_size_tablet":0,"ocean_menu_typo_font_size_mobile":0,"ocean_menu_typo_font_size_unit":"px","ocean_menu_typo_font_weight":"","ocean_menu_typo_font_weight_tablet":"","ocean_menu_typo_font_weight_mobile":"","ocean_menu_typo_transform":"","ocean_menu_typo_transform_tablet":"","ocean_menu_typo_transform_mobile":"","ocean_menu_typo_line_height":0,"ocean_menu_typo_line_height_tablet":0,"ocean_menu_typo_line_height_mobile":0,"ocean_menu_typo_line_height_unit":"","ocean_menu_typo_spacing":0,"ocean_menu_typo_spacing_tablet":0,"ocean_menu_typo_spacing_mobile":0,"ocean_menu_typo_spacing_unit":"","ocean_menu_link_color":"","ocean_menu_link_color_hover":"","ocean_menu_link_color_active":"","ocean_menu_link_background":"","ocean_menu_link_hover_background":"","ocean_menu_link_active_background":"","ocean_menu_social_links_bg":"","ocean_menu_social_hover_links_bg":"","ocean_menu_social_links_color":"","ocean_menu_social_hover_links_color":"","ocean_disable_title":"default","ocean_disable_heading":"default","ocean_post_title":"","ocean_post_subheading":"","ocean_post_title_style":"","ocean_post_title_background_color":"","ocean_post_title_background":0,"ocean_post_title_bg_image_position":"","ocean_post_title_bg_image_attachment":"","ocean_post_title_bg_image_repeat":"","ocean_post_title_bg_image_size":"","ocean_post_title_height":0,"ocean_post_title_bg_overlay":0.5,"ocean_post_title_bg_overlay_color":"","ocean_disable_breadcrumbs":"default","ocean_breadcrumbs_color":"","ocean_breadcrumbs_separator_color":"","ocean_breadcrumbs_links_color":"","ocean_breadcrumbs_links_hover_color":"","ocean_display_footer_widgets":"default","ocean_display_footer_bottom":"default","ocean_custom_footer_template":"0","footnotes":""},"class_list":["post-2082","page","type-page","status-publish","hentry","entry"],"yoast_head":"<!-- This site is optimized with the Yoast SEO plugin v27.4 - https:\/\/yoast.com\/product\/yoast-seo-wordpress\/ -->\n<title>\u00c9ducation communautaire en langues nationales - Sodev International<\/title>\n<meta name=\"robots\" content=\"index, follow, max-snippet:-1, max-image-preview:large, max-video-preview:-1\" \/>\n<link rel=\"canonical\" href=\"https:\/\/sodevinternational.org\/en\/education-communautaire-en-langues-nationales\/\" \/>\n<meta property=\"og:locale\" content=\"en_US\" \/>\n<meta property=\"og:type\" content=\"article\" \/>\n<meta property=\"og:title\" content=\"\u00c9ducation communautaire en langues nationales - Sodev International\" \/>\n<meta property=\"og:description\" content=\"Le projet d\u2019\u00e9ducation communautaire en langues maternelles Pourquoi un projet d\u2019\u00e9ducation communautaire en langues maternelles ? Le Projet \u00c9ducation Communautaire en Langues Maternelles (PECLM) est l\u2019une des composantes du Programme pour le D\u00e9veloppement des Communaut\u00e9s Rurales (PDRC), qui compl\u00e9mente le Projet Alphab\u00e9tisation Fonctionnelle en Langue Officielle (PAFLO). Le PECLM a pour objectif de sensibiliser et [&hellip;]\" \/>\n<meta property=\"og:url\" content=\"https:\/\/sodevinternational.org\/en\/education-communautaire-en-langues-nationales\/\" \/>\n<meta property=\"og:site_name\" content=\"Sodev International\" \/>\n<meta property=\"article:modified_time\" content=\"2023-04-10T17:27:56+00:00\" \/>\n<meta property=\"og:image\" content=\"https:\/\/sodevinternational.org\/wp-content\/uploads\/2022\/10\/ss-1024x446.png\" \/>\n<meta name=\"twitter:card\" content=\"summary_large_image\" \/>\n<meta name=\"twitter:label1\" content=\"Est. reading time\" \/>\n\t<meta name=\"twitter:data1\" content=\"1 minute\" \/>\n<script type=\"application\/ld+json\" class=\"yoast-schema-graph\">{\"@context\":\"https:\\\/\\\/schema.org\",\"@graph\":[{\"@type\":\"WebPage\",\"@id\":\"https:\\\/\\\/sodevinternational.org\\\/education-communautaire-en-langues-nationales\\\/\",\"url\":\"https:\\\/\\\/sodevinternational.org\\\/education-communautaire-en-langues-nationales\\\/\",\"name\":\"\u00c9ducation communautaire en langues nationales - Sodev International\",\"isPartOf\":{\"@id\":\"https:\\\/\\\/sodevinternational.org\\\/#website\"},\"primaryImageOfPage\":{\"@id\":\"https:\\\/\\\/sodevinternational.org\\\/education-communautaire-en-langues-nationales\\\/#primaryimage\"},\"image\":{\"@id\":\"https:\\\/\\\/sodevinternational.org\\\/education-communautaire-en-langues-nationales\\\/#primaryimage\"},\"thumbnailUrl\":\"https:\\\/\\\/sodevinternational.org\\\/wp-content\\\/uploads\\\/2022\\\/10\\\/ss-1024x446.png\",\"datePublished\":\"2022-10-19T15:47:35+00:00\",\"dateModified\":\"2023-04-10T17:27:56+00:00\",\"breadcrumb\":{\"@id\":\"https:\\\/\\\/sodevinternational.org\\\/education-communautaire-en-langues-nationales\\\/#breadcrumb\"},\"inLanguage\":\"en-US\",\"potentialAction\":[{\"@type\":\"ReadAction\",\"target\":[\"https:\\\/\\\/sodevinternational.org\\\/education-communautaire-en-langues-nationales\\\/\"]}]},{\"@type\":\"ImageObject\",\"inLanguage\":\"en-US\",\"@id\":\"https:\\\/\\\/sodevinternational.org\\\/education-communautaire-en-langues-nationales\\\/#primaryimage\",\"url\":\"https:\\\/\\\/sodevinternational.org\\\/wp-content\\\/uploads\\\/2022\\\/10\\\/ss-1024x446.png\",\"contentUrl\":\"https:\\\/\\\/sodevinternational.org\\\/wp-content\\\/uploads\\\/2022\\\/10\\\/ss-1024x446.png\"},{\"@type\":\"BreadcrumbList\",\"@id\":\"https:\\\/\\\/sodevinternational.org\\\/education-communautaire-en-langues-nationales\\\/#breadcrumb\",\"itemListElement\":[{\"@type\":\"ListItem\",\"position\":1,\"name\":\"Accueil\",\"item\":\"https:\\\/\\\/sodevinternational.org\\\/\"},{\"@type\":\"ListItem\",\"position\":2,\"name\":\"\u00c9ducation communautaire en langues nationales\"}]},{\"@type\":\"WebSite\",\"@id\":\"https:\\\/\\\/sodevinternational.org\\\/#website\",\"url\":\"https:\\\/\\\/sodevinternational.org\\\/\",\"name\":\"Sodev International\",\"description\":\"Sodev International\",\"publisher\":{\"@id\":\"https:\\\/\\\/sodevinternational.org\\\/#organization\"},\"potentialAction\":[{\"@type\":\"SearchAction\",\"target\":{\"@type\":\"EntryPoint\",\"urlTemplate\":\"https:\\\/\\\/sodevinternational.org\\\/?s={search_term_string}\"},\"query-input\":{\"@type\":\"PropertyValueSpecification\",\"valueRequired\":true,\"valueName\":\"search_term_string\"}}],\"inLanguage\":\"en-US\"},{\"@type\":\"Organization\",\"@id\":\"https:\\\/\\\/sodevinternational.org\\\/#organization\",\"name\":\"Sodev International\",\"url\":\"https:\\\/\\\/sodevinternational.org\\\/\",\"logo\":{\"@type\":\"ImageObject\",\"inLanguage\":\"en-US\",\"@id\":\"https:\\\/\\\/sodevinternational.org\\\/#\\\/schema\\\/logo\\\/image\\\/\",\"url\":\"https:\\\/\\\/i0.wp.com\\\/sodevinternational.org\\\/wp-content\\\/uploads\\\/2022\\\/01\\\/cropped-logo-sodev.png?fit=378%2C211&ssl=1\",\"contentUrl\":\"https:\\\/\\\/i0.wp.com\\\/sodevinternational.org\\\/wp-content\\\/uploads\\\/2022\\\/01\\\/cropped-logo-sodev.png?fit=378%2C211&ssl=1\",\"width\":378,\"height\":211,\"caption\":\"Sodev International\"},\"image\":{\"@id\":\"https:\\\/\\\/sodevinternational.org\\\/#\\\/schema\\\/logo\\\/image\\\/\"}}]}<\/script>\n<!-- \/ Yoast SEO plugin. -->","yoast_head_json":{"title":"\u00c9ducation communautaire en langues nationales - Sodev International","robots":{"index":"index","follow":"follow","max-snippet":"max-snippet:-1","max-image-preview":"max-image-preview:large","max-video-preview":"max-video-preview:-1"},"canonical":"https:\/\/sodevinternational.org\/en\/education-communautaire-en-langues-nationales\/","og_locale":"en_US","og_type":"article","og_title":"\u00c9ducation communautaire en langues nationales - Sodev International","og_description":"Le projet d\u2019\u00e9ducation communautaire en langues maternelles Pourquoi un projet d\u2019\u00e9ducation communautaire en langues maternelles ? Le Projet \u00c9ducation Communautaire en Langues Maternelles (PECLM) est l\u2019une des composantes du Programme pour le D\u00e9veloppement des Communaut\u00e9s Rurales (PDRC), qui compl\u00e9mente le Projet Alphab\u00e9tisation Fonctionnelle en Langue Officielle (PAFLO). Le PECLM a pour objectif de sensibiliser et [&hellip;]","og_url":"https:\/\/sodevinternational.org\/en\/education-communautaire-en-langues-nationales\/","og_site_name":"Sodev International","article_modified_time":"2023-04-10T17:27:56+00:00","og_image":[{"url":"https:\/\/sodevinternational.org\/wp-content\/uploads\/2022\/10\/ss-1024x446.png","type":"","width":"","height":""}],"twitter_card":"summary_large_image","twitter_misc":{"Est. reading time":"1 minute"},"schema":{"@context":"https:\/\/schema.org","@graph":[{"@type":"WebPage","@id":"https:\/\/sodevinternational.org\/education-communautaire-en-langues-nationales\/","url":"https:\/\/sodevinternational.org\/education-communautaire-en-langues-nationales\/","name":"\u00c9ducation communautaire en langues nationales - Sodev International","isPartOf":{"@id":"https:\/\/sodevinternational.org\/#website"},"primaryImageOfPage":{"@id":"https:\/\/sodevinternational.org\/education-communautaire-en-langues-nationales\/#primaryimage"},"image":{"@id":"https:\/\/sodevinternational.org\/education-communautaire-en-langues-nationales\/#primaryimage"},"thumbnailUrl":"https:\/\/sodevinternational.org\/wp-content\/uploads\/2022\/10\/ss-1024x446.png","datePublished":"2022-10-19T15:47:35+00:00","dateModified":"2023-04-10T17:27:56+00:00","breadcrumb":{"@id":"https:\/\/sodevinternational.org\/education-communautaire-en-langues-nationales\/#breadcrumb"},"inLanguage":"en-US","potentialAction":[{"@type":"ReadAction","target":["https:\/\/sodevinternational.org\/education-communautaire-en-langues-nationales\/"]}]},{"@type":"ImageObject","inLanguage":"en-US","@id":"https:\/\/sodevinternational.org\/education-communautaire-en-langues-nationales\/#primaryimage","url":"https:\/\/sodevinternational.org\/wp-content\/uploads\/2022\/10\/ss-1024x446.png","contentUrl":"https:\/\/sodevinternational.org\/wp-content\/uploads\/2022\/10\/ss-1024x446.png"},{"@type":"BreadcrumbList","@id":"https:\/\/sodevinternational.org\/education-communautaire-en-langues-nationales\/#breadcrumb","itemListElement":[{"@type":"ListItem","position":1,"name":"Accueil","item":"https:\/\/sodevinternational.org\/"},{"@type":"ListItem","position":2,"name":"\u00c9ducation communautaire en langues nationales"}]},{"@type":"WebSite","@id":"https:\/\/sodevinternational.org\/#website","url":"https:\/\/sodevinternational.org\/","name":"Sodev International","description":"Sodev International","publisher":{"@id":"https:\/\/sodevinternational.org\/#organization"},"potentialAction":[{"@type":"SearchAction","target":{"@type":"EntryPoint","urlTemplate":"https:\/\/sodevinternational.org\/?s={search_term_string}"},"query-input":{"@type":"PropertyValueSpecification","valueRequired":true,"valueName":"search_term_string"}}],"inLanguage":"en-US"},{"@type":"Organization","@id":"https:\/\/sodevinternational.org\/#organization","name":"Sodev International","url":"https:\/\/sodevinternational.org\/","logo":{"@type":"ImageObject","inLanguage":"en-US","@id":"https:\/\/sodevinternational.org\/#\/schema\/logo\/image\/","url":"https:\/\/i0.wp.com\/sodevinternational.org\/wp-content\/uploads\/2022\/01\/cropped-logo-sodev.png?fit=378%2C211&ssl=1","contentUrl":"https:\/\/i0.wp.com\/sodevinternational.org\/wp-content\/uploads\/2022\/01\/cropped-logo-sodev.png?fit=378%2C211&ssl=1","width":378,"height":211,"caption":"Sodev International"},"image":{"@id":"https:\/\/sodevinternational.org\/#\/schema\/logo\/image\/"}}]}},"jetpack_sharing_enabled":true,"_links":{"self":[{"href":"https:\/\/sodevinternational.org\/en\/wp-json\/wp\/v2\/pages\/2082","targetHints":{"allow":["GET"]}}],"collection":[{"href":"https:\/\/sodevinternational.org\/en\/wp-json\/wp\/v2\/pages"}],"about":[{"href":"https:\/\/sodevinternational.org\/en\/wp-json\/wp\/v2\/types\/page"}],"author":[{"embeddable":true,"href":"https:\/\/sodevinternational.org\/en\/wp-json\/wp\/v2\/users\/1"}],"replies":[{"embeddable":true,"href":"https:\/\/sodevinternational.org\/en\/wp-json\/wp\/v2\/comments?post=2082"}],"version-history":[{"count":32,"href":"https:\/\/sodevinternational.org\/en\/wp-json\/wp\/v2\/pages\/2082\/revisions"}],"predecessor-version":[{"id":2637,"href":"https:\/\/sodevinternational.org\/en\/wp-json\/wp\/v2\/pages\/2082\/revisions\/2637"}],"wp:attachment":[{"href":"https:\/\/sodevinternational.org\/en\/wp-json\/wp\/v2\/media?parent=2082"}],"curies":[{"name":"wp","href":"https:\/\/api.w.org\/{rel}","templated":true}]}}