{"id":1355,"date":"2022-03-05T21:15:06","date_gmt":"2022-03-05T21:15:06","guid":{"rendered":"https:\/\/sodevinternational.org\/?page_id=1355"},"modified":"2022-06-07T10:51:50","modified_gmt":"2022-06-07T10:51:50","slug":"message-de-la-fondatrice","status":"publish","type":"page","link":"https:\/\/sodevinternational.org\/en\/message-de-la-fondatrice\/","title":{"rendered":"Message from the founder"},"content":{"rendered":"\t\t<div data-elementor-type=\"wp-page\" data-elementor-id=\"1355\" class=\"elementor elementor-1355\">\n\t\t\t\t\t\t\t\t\t<section class=\"elementor-section elementor-top-section elementor-element elementor-element-14b08d12 elementor-section-full_width elementor-section-stretched elementor-section-height-default elementor-section-height-default\" data-id=\"14b08d12\" data-element_type=\"section\" data-settings=\"{&quot;stretch_section&quot;:&quot;section-stretched&quot;}\">\n\t\t\t\t\t\t<div class=\"elementor-container elementor-column-gap-default\">\n\t\t\t\t\t<div class=\"elementor-column elementor-col-100 elementor-top-column elementor-element elementor-element-3b85612\" data-id=\"3b85612\" data-element_type=\"column\" data-settings=\"{&quot;background_background&quot;:&quot;classic&quot;}\">\n\t\t\t<div class=\"elementor-widget-wrap elementor-element-populated\">\n\t\t\t\t\t\t\t\t<div class=\"elementor-element elementor-element-27a76b0e elementor-widget elementor-widget-spacer\" data-id=\"27a76b0e\" data-element_type=\"widget\" data-widget_type=\"spacer.default\">\n\t\t\t\t<div class=\"elementor-widget-container\">\n\t\t\t<style>\/*! elementor - v3.10.2 - 29-01-2023 *\/\n.elementor-column .elementor-spacer-inner{height:var(--spacer-size)}.e-con{--container-widget-width:100%}.e-con-inner>.elementor-widget-spacer,.e-con>.elementor-widget-spacer{width:var(--container-widget-width,var(--spacer-size));--align-self:var(--container-widget-align-self,initial);--flex-shrink:0}.e-con-inner>.elementor-widget-spacer>.elementor-widget-container,.e-con-inner>.elementor-widget-spacer>.elementor-widget-container>.elementor-spacer,.e-con>.elementor-widget-spacer>.elementor-widget-container,.e-con>.elementor-widget-spacer>.elementor-widget-container>.elementor-spacer{height:100%}.e-con-inner>.elementor-widget-spacer>.elementor-widget-container>.elementor-spacer>.elementor-spacer-inner,.e-con>.elementor-widget-spacer>.elementor-widget-container>.elementor-spacer>.elementor-spacer-inner{height:var(--container-widget-height,var(--spacer-size))}<\/style>\t\t<div class=\"elementor-spacer\">\n\t\t\t<div class=\"elementor-spacer-inner\"><\/div>\n\t\t<\/div>\n\t\t\t\t<\/div>\n\t\t\t\t<\/div>\n\t\t\t\t<section class=\"elementor-section elementor-inner-section elementor-element elementor-element-1554dbef elementor-section-boxed elementor-section-height-default elementor-section-height-default\" data-id=\"1554dbef\" data-element_type=\"section\">\n\t\t\t\t\t\t<div class=\"elementor-container elementor-column-gap-default\">\n\t\t\t\t\t<div class=\"elementor-column elementor-col-100 elementor-inner-column elementor-element elementor-element-5190d826\" data-id=\"5190d826\" data-element_type=\"column\">\n\t\t\t<div class=\"elementor-widget-wrap elementor-element-populated\">\n\t\t\t\t\t\t\t\t<div class=\"elementor-element elementor-element-5851d0b4 elementor-widget elementor-widget-heading\" data-id=\"5851d0b4\" data-element_type=\"widget\" data-widget_type=\"heading.default\">\n\t\t\t\t<div class=\"elementor-widget-container\">\n\t\t\t<style>\/*! elementor - v3.10.2 - 29-01-2023 *\/\n.elementor-heading-title{padding:0;margin:0;line-height:1}.elementor-widget-heading .elementor-heading-title[class*=elementor-size-]>a{color:inherit;font-size:inherit;line-height:inherit}.elementor-widget-heading .elementor-heading-title.elementor-size-small{font-size:15px}.elementor-widget-heading .elementor-heading-title.elementor-size-medium{font-size:19px}.elementor-widget-heading .elementor-heading-title.elementor-size-large{font-size:29px}.elementor-widget-heading .elementor-heading-title.elementor-size-xl{font-size:39px}.elementor-widget-heading .elementor-heading-title.elementor-size-xxl{font-size:59px}<\/style><h2 class=\"elementor-heading-title elementor-size-default\">Message de la fondatrice<\/h2>\t\t<\/div>\n\t\t\t\t<\/div>\n\t\t\t\t\t<\/div>\n\t\t<\/div>\n\t\t\t\t\t\t\t<\/div>\n\t\t<\/section>\n\t\t\t\t<div class=\"elementor-element elementor-element-88c51a6 elementor-hidden-mobile elementor-widget elementor-widget-spacer\" data-id=\"88c51a6\" data-element_type=\"widget\" data-widget_type=\"spacer.default\">\n\t\t\t\t<div class=\"elementor-widget-container\">\n\t\t\t\t\t<div class=\"elementor-spacer\">\n\t\t\t<div class=\"elementor-spacer-inner\"><\/div>\n\t\t<\/div>\n\t\t\t\t<\/div>\n\t\t\t\t<\/div>\n\t\t\t\t\t<\/div>\n\t\t<\/div>\n\t\t\t\t\t\t\t<\/div>\n\t\t<\/section>\n\t\t\t\t<section class=\"elementor-section elementor-top-section elementor-element elementor-element-37160d0a elementor-section-boxed elementor-section-height-default elementor-section-height-default\" data-id=\"37160d0a\" data-element_type=\"section\">\n\t\t\t\t\t\t<div class=\"elementor-container elementor-column-gap-default\">\n\t\t\t\t\t<div class=\"elementor-column elementor-col-100 elementor-top-column elementor-element elementor-element-3c1b04dc\" data-id=\"3c1b04dc\" data-element_type=\"column\">\n\t\t\t<div class=\"elementor-widget-wrap elementor-element-populated\">\n\t\t\t\t\t\t\t\t<div class=\"elementor-element elementor-element-642c5631 elementor-widget elementor-widget-spacer\" data-id=\"642c5631\" data-element_type=\"widget\" data-widget_type=\"spacer.default\">\n\t\t\t\t<div class=\"elementor-widget-container\">\n\t\t\t\t\t<div class=\"elementor-spacer\">\n\t\t\t<div class=\"elementor-spacer-inner\"><\/div>\n\t\t<\/div>\n\t\t\t\t<\/div>\n\t\t\t\t<\/div>\n\t\t\t\t\t<\/div>\n\t\t<\/div>\n\t\t\t\t\t\t\t<\/div>\n\t\t<\/section>\n\t\t\t\t<section class=\"elementor-section elementor-top-section elementor-element elementor-element-25fb48ef elementor-section-content-middle elementor-section-boxed elementor-section-height-default elementor-section-height-default\" data-id=\"25fb48ef\" data-element_type=\"section\">\n\t\t\t\t\t\t<div class=\"elementor-container elementor-column-gap-default\">\n\t\t\t\t\t<div class=\"elementor-column elementor-col-33 elementor-top-column elementor-element elementor-element-5813dbab\" data-id=\"5813dbab\" data-element_type=\"column\">\n\t\t\t<div class=\"elementor-widget-wrap elementor-element-populated\">\n\t\t\t\t\t\t\t\t<div class=\"elementor-element elementor-element-6456138b elementor-widget elementor-widget-image\" data-id=\"6456138b\" data-element_type=\"widget\" data-widget_type=\"image.default\">\n\t\t\t\t<div class=\"elementor-widget-container\">\n\t\t\t<style>\/*! elementor - v3.10.2 - 29-01-2023 *\/\n.elementor-widget-image{text-align:center}.elementor-widget-image a{display:inline-block}.elementor-widget-image a img[src$=\".svg\"]{width:48px}.elementor-widget-image img{vertical-align:middle;display:inline-block}<\/style>\t\t\t\t\t\t\t\t\t\t\t\t<img loading=\"lazy\" decoding=\"async\" width=\"233\" height=\"254\" src=\"https:\/\/i0.wp.com\/sodevinternational.org\/wp-content\/uploads\/2022\/01\/fd.png?fit=233%2C254&amp;ssl=1\" class=\"attachment-full size-full wp-image-91\" alt=\"\" \/>\t\t\t\t\t\t\t\t\t\t\t\t\t\t\t<\/div>\n\t\t\t\t<\/div>\n\t\t\t\t\t<\/div>\n\t\t<\/div>\n\t\t\t\t<div class=\"elementor-column elementor-col-66 elementor-top-column elementor-element elementor-element-74ad2967\" data-id=\"74ad2967\" data-element_type=\"column\">\n\t\t\t<div class=\"elementor-widget-wrap elementor-element-populated\">\n\t\t\t\t\t\t\t\t<div class=\"elementor-element elementor-element-16dc48c3 elementor-widget elementor-widget-text-editor\" data-id=\"16dc48c3\" data-element_type=\"widget\" data-widget_type=\"text-editor.default\">\n\t\t\t\t<div class=\"elementor-widget-container\">\n\t\t\t<style>\/*! elementor - v3.10.2 - 29-01-2023 *\/\n.elementor-widget-text-editor.elementor-drop-cap-view-stacked .elementor-drop-cap{background-color:#818a91;color:#fff}.elementor-widget-text-editor.elementor-drop-cap-view-framed .elementor-drop-cap{color:#818a91;border:3px solid;background-color:transparent}.elementor-widget-text-editor:not(.elementor-drop-cap-view-default) .elementor-drop-cap{margin-top:8px}.elementor-widget-text-editor:not(.elementor-drop-cap-view-default) .elementor-drop-cap-letter{width:1em;height:1em}.elementor-widget-text-editor .elementor-drop-cap{float:left;text-align:center;line-height:1;font-size:50px}.elementor-widget-text-editor .elementor-drop-cap-letter{display:inline-block}<\/style>\t\t\t\t<p>Chers Amis,<\/p>\n\n<p>La raison fondamentale pour laquelle j\u2019ai cr\u00e9\u00e9 SODEV International est de contribuer \u00e0 la lutte contre une pauvret\u00e9 multidimensionnelle qui continue de faire des victimes malgr\u00e9 les divers d\u00e9veloppements que conna\u00eet l\u2019humanit\u00e9. En Afrique de l\u2019Ouest par exemple, la majeure partie des communaut\u00e9s souffre des diverses formes de ce fl\u00e9au. Cela nous fait r\u00e9fl\u00e9chir et suscite des r\u00e9actions et actions de part et d\u2019autre pour le mieux-\u00eatre des communaut\u00e9s. L\u2019une de ces actions est la cr\u00e9ation de notre organisation.<\/p>\n\n<p>A SODEV, le type de pauvret\u00e9 contre lequel nous luttons concerne l\u2019ignorance, l\u2019inexp\u00e9rience et l\u2019incomp\u00e9tente. Il s\u2019agit des pauvret\u00e9s de culture, de connaissance, d\u2019instruction, d\u2019\u00e9ducation et de formation qui handicapent la croissance de toute nation et le bien-\u00eatre de toute personne. Et cette pauvret\u00e9 est grave parce qu\u2019elle engendre beaucoup d\u2019autres. Ne pas avoir de comp\u00e9tences ou de connaissances mutile l\u2019intelligence et l\u2019\u00eatre, et le rend peu capable de produire des biens utiles aux autres et \u00e0 soi-m\u00eame. En effet, individuellement, l\u2019absence d\u2019instruction constitue la plus grande douleur des pauvres.<\/p>\n\n<p>Le d\u00e9fi est de taille et pour l\u2019affronter, il faut des solutions ad\u00e9quates. Nous ne pr\u00e9tendons pas avoir toutes ces solutions, mais pour en trouver, nous mettons en place un \u00e9ventail de programmes et de projets qui visent le d\u00e9veloppement socio-\u00e9conomique de ceux que nous servons, notamment les communaut\u00e9s rurales et leurs autorit\u00e9s, les artisans et autres entrepreneurs individuels. Pour plus d\u2019impact, nous ex\u00e9cutons un programme de renforcement de capacit\u00e9s \u00e0 l\u2019endroit des organisations non gouvernementales qui partagent notre vision.<\/p>\n\n<p>Je voudrais vous exhorter \u00e0 investir pour le d\u00e9veloppement des communaut\u00e9s qui n\u2019ont que trop souffert et leur donner la chance d\u2019offrir en retour le meilleur d\u2019elles-m\u00eames. J\u2019ose affirmer que nous avons des programmes d\u2019action \u00e0 la taille des d\u00e9fis \u00e0 relever. Toutefois, les r\u00e9sultats attendus n\u00e9cessitent des moyens que la conviction et la pers\u00e9v\u00e9rance seules ne peuvent fournir. Veuillez donc nous assister financi\u00e8rement, techniquement et mat\u00e9riellement pour sortir tout un monde de la pauvret\u00e9.<\/p>\t\t\t\t\t\t<\/div>\n\t\t\t\t<\/div>\n\t\t\t\t<div class=\"elementor-element elementor-element-e0075f2 elementor-widget elementor-widget-text-editor\" data-id=\"e0075f2\" data-element_type=\"widget\" data-widget_type=\"text-editor.default\">\n\t\t\t\t<div class=\"elementor-widget-container\">\n\t\t\t\t\t\t\tF\u00e9licit\u00e9 A. Adjahouinou\t\t\t\t\t\t<\/div>\n\t\t\t\t<\/div>\n\t\t\t\t\t<\/div>\n\t\t<\/div>\n\t\t\t\t\t\t\t<\/div>\n\t\t<\/section>\n\t\t\t\t<section class=\"elementor-section elementor-top-section elementor-element elementor-element-96ac7ab elementor-section-boxed elementor-section-height-default elementor-section-height-default\" data-id=\"96ac7ab\" data-element_type=\"section\" data-settings=\"{&quot;background_background&quot;:&quot;classic&quot;}\">\n\t\t\t\t\t\t<div class=\"elementor-container elementor-column-gap-default\">\n\t\t\t\t\t<div class=\"elementor-column elementor-col-100 elementor-top-column elementor-element elementor-element-f33efe3\" data-id=\"f33efe3\" data-element_type=\"column\" data-settings=\"{&quot;background_background&quot;:&quot;classic&quot;}\">\n\t\t\t<div class=\"elementor-widget-wrap elementor-element-populated\">\n\t\t\t\t\t\t\t\t<div class=\"elementor-element elementor-element-7a851a3 elementor-widget elementor-widget-text-editor\" data-id=\"7a851a3\" data-element_type=\"widget\" data-widget_type=\"text-editor.default\">\n\t\t\t\t<div class=\"elementor-widget-container\">\n\t\t\t\t\t\t\t<label><input style=\"padding: 10px; width: 50%;border: none;\" name=\"EMAIL\" required=\"\" type=\"email\" placeholder=\"Votre adresse de courrier \u00e9lectronique\" \/>\n<\/label>\n<input type=\"submit\" value=\"Abonnez-vous\" \/>\t\t\t\t\t\t<\/div>\n\t\t\t\t<\/div>\n\t\t\t\t\t<\/div>\n\t\t<\/div>\n\t\t\t\t\t\t\t<\/div>\n\t\t<\/section>\n\t\t\t\t\t\t\t<\/div>\n\t\t","protected":false},"excerpt":{"rendered":"<p>Message de la fondatrice Chers Amis, La raison fondamentale pour laquelle j\u2019ai cr\u00e9\u00e9 SODEV International est de contribuer \u00e0 la lutte contre une pauvret\u00e9 multidimensionnelle qui continue de faire des victimes malgr\u00e9 les divers d\u00e9veloppements que conna\u00eet l\u2019humanit\u00e9. En Afrique de l\u2019Ouest par exemple, la majeure partie des communaut\u00e9s souffre des diverses formes de ce [&hellip;]<\/p>\n","protected":false},"author":2,"featured_media":0,"parent":0,"menu_order":0,"comment_status":"closed","ping_status":"closed","template":"elementor_header_footer","meta":{"om_disable_all_campaigns":false,"ocean_post_layout":"","ocean_both_sidebars_style":"","ocean_both_sidebars_content_width":0,"ocean_both_sidebars_sidebars_width":0,"ocean_sidebar":"","ocean_second_sidebar":"","ocean_disable_margins":"enable","ocean_add_body_class":"","ocean_shortcode_before_top_bar":"","ocean_shortcode_after_top_bar":"","ocean_shortcode_before_header":"","ocean_shortcode_after_header":"","ocean_has_shortcode":"","ocean_shortcode_after_title":"","ocean_shortcode_before_footer_widgets":"","ocean_shortcode_after_footer_widgets":"","ocean_shortcode_before_footer_bottom":"","ocean_shortcode_after_footer_bottom":"","ocean_display_top_bar":"default","ocean_display_header":"default","ocean_header_style":"","ocean_center_header_left_menu":"","ocean_custom_header_template":"","ocean_custom_logo":0,"ocean_custom_retina_logo":0,"ocean_custom_logo_max_width":0,"ocean_custom_logo_tablet_max_width":0,"ocean_custom_logo_mobile_max_width":0,"ocean_custom_logo_max_height":0,"ocean_custom_logo_tablet_max_height":0,"ocean_custom_logo_mobile_max_height":0,"ocean_header_custom_menu":"","ocean_menu_typo_font_family":"","ocean_menu_typo_font_subset":"","ocean_menu_typo_font_size":0,"ocean_menu_typo_font_size_tablet":0,"ocean_menu_typo_font_size_mobile":0,"ocean_menu_typo_font_size_unit":"px","ocean_menu_typo_font_weight":"","ocean_menu_typo_font_weight_tablet":"","ocean_menu_typo_font_weight_mobile":"","ocean_menu_typo_transform":"","ocean_menu_typo_transform_tablet":"","ocean_menu_typo_transform_mobile":"","ocean_menu_typo_line_height":0,"ocean_menu_typo_line_height_tablet":0,"ocean_menu_typo_line_height_mobile":0,"ocean_menu_typo_line_height_unit":"","ocean_menu_typo_spacing":0,"ocean_menu_typo_spacing_tablet":0,"ocean_menu_typo_spacing_mobile":0,"ocean_menu_typo_spacing_unit":"","ocean_menu_link_color":"","ocean_menu_link_color_hover":"","ocean_menu_link_color_active":"","ocean_menu_link_background":"","ocean_menu_link_hover_background":"","ocean_menu_link_active_background":"","ocean_menu_social_links_bg":"","ocean_menu_social_hover_links_bg":"","ocean_menu_social_links_color":"","ocean_menu_social_hover_links_color":"","ocean_disable_title":"default","ocean_disable_heading":"default","ocean_post_title":"","ocean_post_subheading":"","ocean_post_title_style":"","ocean_post_title_background_color":"","ocean_post_title_background":0,"ocean_post_title_bg_image_position":"","ocean_post_title_bg_image_attachment":"","ocean_post_title_bg_image_repeat":"","ocean_post_title_bg_image_size":"","ocean_post_title_height":0,"ocean_post_title_bg_overlay":0.5,"ocean_post_title_bg_overlay_color":"","ocean_disable_breadcrumbs":"default","ocean_breadcrumbs_color":"","ocean_breadcrumbs_separator_color":"","ocean_breadcrumbs_links_color":"","ocean_breadcrumbs_links_hover_color":"","ocean_display_footer_widgets":"default","ocean_display_footer_bottom":"default","ocean_custom_footer_template":"","footnotes":""},"class_list":["post-1355","page","type-page","status-publish","hentry","entry"],"yoast_head":"<!-- This site is optimized with the Yoast SEO plugin v27.4 - https:\/\/yoast.com\/product\/yoast-seo-wordpress\/ -->\n<title>Message de la fondatrice - Sodev International<\/title>\n<meta name=\"robots\" content=\"index, follow, max-snippet:-1, max-image-preview:large, max-video-preview:-1\" \/>\n<link rel=\"canonical\" href=\"https:\/\/sodevinternational.org\/en\/message-de-la-fondatrice\/\" \/>\n<meta property=\"og:locale\" content=\"en_US\" \/>\n<meta property=\"og:type\" content=\"article\" \/>\n<meta property=\"og:title\" content=\"Message de la fondatrice - Sodev International\" \/>\n<meta property=\"og:description\" content=\"Message de la fondatrice Chers Amis, La raison fondamentale pour laquelle j\u2019ai cr\u00e9\u00e9 SODEV International est de contribuer \u00e0 la lutte contre une pauvret\u00e9 multidimensionnelle qui continue de faire des victimes malgr\u00e9 les divers d\u00e9veloppements que conna\u00eet l\u2019humanit\u00e9. En Afrique de l\u2019Ouest par exemple, la majeure partie des communaut\u00e9s souffre des diverses formes de ce [&hellip;]\" \/>\n<meta property=\"og:url\" content=\"https:\/\/sodevinternational.org\/en\/message-de-la-fondatrice\/\" \/>\n<meta property=\"og:site_name\" content=\"Sodev International\" \/>\n<meta property=\"article:modified_time\" content=\"2022-06-07T10:51:50+00:00\" \/>\n<meta property=\"og:image\" content=\"https:\/\/sodevinternational.org\/wp-content\/uploads\/2022\/01\/fd.png\" \/>\n<meta name=\"twitter:card\" content=\"summary_large_image\" \/>\n<meta name=\"twitter:label1\" content=\"Est. reading time\" \/>\n\t<meta name=\"twitter:data1\" content=\"2 minutes\" \/>\n<script type=\"application\/ld+json\" class=\"yoast-schema-graph\">{\"@context\":\"https:\\\/\\\/schema.org\",\"@graph\":[{\"@type\":\"WebPage\",\"@id\":\"https:\\\/\\\/sodevinternational.org\\\/message-de-la-fondatrice\\\/\",\"url\":\"https:\\\/\\\/sodevinternational.org\\\/message-de-la-fondatrice\\\/\",\"name\":\"Message de la fondatrice - Sodev International\",\"isPartOf\":{\"@id\":\"https:\\\/\\\/sodevinternational.org\\\/#website\"},\"primaryImageOfPage\":{\"@id\":\"https:\\\/\\\/sodevinternational.org\\\/message-de-la-fondatrice\\\/#primaryimage\"},\"image\":{\"@id\":\"https:\\\/\\\/sodevinternational.org\\\/message-de-la-fondatrice\\\/#primaryimage\"},\"thumbnailUrl\":\"https:\\\/\\\/sodevinternational.org\\\/wp-content\\\/uploads\\\/2022\\\/01\\\/fd.png\",\"datePublished\":\"2022-03-05T21:15:06+00:00\",\"dateModified\":\"2022-06-07T10:51:50+00:00\",\"breadcrumb\":{\"@id\":\"https:\\\/\\\/sodevinternational.org\\\/message-de-la-fondatrice\\\/#breadcrumb\"},\"inLanguage\":\"en-US\",\"potentialAction\":[{\"@type\":\"ReadAction\",\"target\":[\"https:\\\/\\\/sodevinternational.org\\\/message-de-la-fondatrice\\\/\"]}]},{\"@type\":\"ImageObject\",\"inLanguage\":\"en-US\",\"@id\":\"https:\\\/\\\/sodevinternational.org\\\/message-de-la-fondatrice\\\/#primaryimage\",\"url\":\"https:\\\/\\\/sodevinternational.org\\\/wp-content\\\/uploads\\\/2022\\\/01\\\/fd.png\",\"contentUrl\":\"https:\\\/\\\/sodevinternational.org\\\/wp-content\\\/uploads\\\/2022\\\/01\\\/fd.png\"},{\"@type\":\"BreadcrumbList\",\"@id\":\"https:\\\/\\\/sodevinternational.org\\\/message-de-la-fondatrice\\\/#breadcrumb\",\"itemListElement\":[{\"@type\":\"ListItem\",\"position\":1,\"name\":\"Accueil\",\"item\":\"https:\\\/\\\/sodevinternational.org\\\/\"},{\"@type\":\"ListItem\",\"position\":2,\"name\":\"Message de la fondatrice\"}]},{\"@type\":\"WebSite\",\"@id\":\"https:\\\/\\\/sodevinternational.org\\\/#website\",\"url\":\"https:\\\/\\\/sodevinternational.org\\\/\",\"name\":\"Sodev International\",\"description\":\"Sodev International\",\"publisher\":{\"@id\":\"https:\\\/\\\/sodevinternational.org\\\/#organization\"},\"potentialAction\":[{\"@type\":\"SearchAction\",\"target\":{\"@type\":\"EntryPoint\",\"urlTemplate\":\"https:\\\/\\\/sodevinternational.org\\\/?s={search_term_string}\"},\"query-input\":{\"@type\":\"PropertyValueSpecification\",\"valueRequired\":true,\"valueName\":\"search_term_string\"}}],\"inLanguage\":\"en-US\"},{\"@type\":\"Organization\",\"@id\":\"https:\\\/\\\/sodevinternational.org\\\/#organization\",\"name\":\"Sodev International\",\"url\":\"https:\\\/\\\/sodevinternational.org\\\/\",\"logo\":{\"@type\":\"ImageObject\",\"inLanguage\":\"en-US\",\"@id\":\"https:\\\/\\\/sodevinternational.org\\\/#\\\/schema\\\/logo\\\/image\\\/\",\"url\":\"https:\\\/\\\/i0.wp.com\\\/sodevinternational.org\\\/wp-content\\\/uploads\\\/2022\\\/01\\\/cropped-logo-sodev.png?fit=378%2C211&ssl=1\",\"contentUrl\":\"https:\\\/\\\/i0.wp.com\\\/sodevinternational.org\\\/wp-content\\\/uploads\\\/2022\\\/01\\\/cropped-logo-sodev.png?fit=378%2C211&ssl=1\",\"width\":378,\"height\":211,\"caption\":\"Sodev International\"},\"image\":{\"@id\":\"https:\\\/\\\/sodevinternational.org\\\/#\\\/schema\\\/logo\\\/image\\\/\"}}]}<\/script>\n<!-- \/ Yoast SEO plugin. -->","yoast_head_json":{"title":"Message de la fondatrice - Sodev International","robots":{"index":"index","follow":"follow","max-snippet":"max-snippet:-1","max-image-preview":"max-image-preview:large","max-video-preview":"max-video-preview:-1"},"canonical":"https:\/\/sodevinternational.org\/en\/message-de-la-fondatrice\/","og_locale":"en_US","og_type":"article","og_title":"Message de la fondatrice - Sodev International","og_description":"Message de la fondatrice Chers Amis, La raison fondamentale pour laquelle j\u2019ai cr\u00e9\u00e9 SODEV International est de contribuer \u00e0 la lutte contre une pauvret\u00e9 multidimensionnelle qui continue de faire des victimes malgr\u00e9 les divers d\u00e9veloppements que conna\u00eet l\u2019humanit\u00e9. En Afrique de l\u2019Ouest par exemple, la majeure partie des communaut\u00e9s souffre des diverses formes de ce [&hellip;]","og_url":"https:\/\/sodevinternational.org\/en\/message-de-la-fondatrice\/","og_site_name":"Sodev International","article_modified_time":"2022-06-07T10:51:50+00:00","og_image":[{"url":"https:\/\/sodevinternational.org\/wp-content\/uploads\/2022\/01\/fd.png","type":"","width":"","height":""}],"twitter_card":"summary_large_image","twitter_misc":{"Est. reading time":"2 minutes"},"schema":{"@context":"https:\/\/schema.org","@graph":[{"@type":"WebPage","@id":"https:\/\/sodevinternational.org\/message-de-la-fondatrice\/","url":"https:\/\/sodevinternational.org\/message-de-la-fondatrice\/","name":"Message de la fondatrice - Sodev International","isPartOf":{"@id":"https:\/\/sodevinternational.org\/#website"},"primaryImageOfPage":{"@id":"https:\/\/sodevinternational.org\/message-de-la-fondatrice\/#primaryimage"},"image":{"@id":"https:\/\/sodevinternational.org\/message-de-la-fondatrice\/#primaryimage"},"thumbnailUrl":"https:\/\/sodevinternational.org\/wp-content\/uploads\/2022\/01\/fd.png","datePublished":"2022-03-05T21:15:06+00:00","dateModified":"2022-06-07T10:51:50+00:00","breadcrumb":{"@id":"https:\/\/sodevinternational.org\/message-de-la-fondatrice\/#breadcrumb"},"inLanguage":"en-US","potentialAction":[{"@type":"ReadAction","target":["https:\/\/sodevinternational.org\/message-de-la-fondatrice\/"]}]},{"@type":"ImageObject","inLanguage":"en-US","@id":"https:\/\/sodevinternational.org\/message-de-la-fondatrice\/#primaryimage","url":"https:\/\/sodevinternational.org\/wp-content\/uploads\/2022\/01\/fd.png","contentUrl":"https:\/\/sodevinternational.org\/wp-content\/uploads\/2022\/01\/fd.png"},{"@type":"BreadcrumbList","@id":"https:\/\/sodevinternational.org\/message-de-la-fondatrice\/#breadcrumb","itemListElement":[{"@type":"ListItem","position":1,"name":"Accueil","item":"https:\/\/sodevinternational.org\/"},{"@type":"ListItem","position":2,"name":"Message de la fondatrice"}]},{"@type":"WebSite","@id":"https:\/\/sodevinternational.org\/#website","url":"https:\/\/sodevinternational.org\/","name":"Sodev International","description":"Sodev International","publisher":{"@id":"https:\/\/sodevinternational.org\/#organization"},"potentialAction":[{"@type":"SearchAction","target":{"@type":"EntryPoint","urlTemplate":"https:\/\/sodevinternational.org\/?s={search_term_string}"},"query-input":{"@type":"PropertyValueSpecification","valueRequired":true,"valueName":"search_term_string"}}],"inLanguage":"en-US"},{"@type":"Organization","@id":"https:\/\/sodevinternational.org\/#organization","name":"Sodev International","url":"https:\/\/sodevinternational.org\/","logo":{"@type":"ImageObject","inLanguage":"en-US","@id":"https:\/\/sodevinternational.org\/#\/schema\/logo\/image\/","url":"https:\/\/i0.wp.com\/sodevinternational.org\/wp-content\/uploads\/2022\/01\/cropped-logo-sodev.png?fit=378%2C211&ssl=1","contentUrl":"https:\/\/i0.wp.com\/sodevinternational.org\/wp-content\/uploads\/2022\/01\/cropped-logo-sodev.png?fit=378%2C211&ssl=1","width":378,"height":211,"caption":"Sodev International"},"image":{"@id":"https:\/\/sodevinternational.org\/#\/schema\/logo\/image\/"}}]}},"jetpack_sharing_enabled":true,"_links":{"self":[{"href":"https:\/\/sodevinternational.org\/en\/wp-json\/wp\/v2\/pages\/1355","targetHints":{"allow":["GET"]}}],"collection":[{"href":"https:\/\/sodevinternational.org\/en\/wp-json\/wp\/v2\/pages"}],"about":[{"href":"https:\/\/sodevinternational.org\/en\/wp-json\/wp\/v2\/types\/page"}],"author":[{"embeddable":true,"href":"https:\/\/sodevinternational.org\/en\/wp-json\/wp\/v2\/users\/2"}],"replies":[{"embeddable":true,"href":"https:\/\/sodevinternational.org\/en\/wp-json\/wp\/v2\/comments?post=1355"}],"version-history":[{"count":40,"href":"https:\/\/sodevinternational.org\/en\/wp-json\/wp\/v2\/pages\/1355\/revisions"}],"predecessor-version":[{"id":1838,"href":"https:\/\/sodevinternational.org\/en\/wp-json\/wp\/v2\/pages\/1355\/revisions\/1838"}],"wp:attachment":[{"href":"https:\/\/sodevinternational.org\/en\/wp-json\/wp\/v2\/media?parent=1355"}],"curies":[{"name":"wp","href":"https:\/\/api.w.org\/{rel}","templated":true}]}}